{"id":66,"date":"2019-05-27T19:34:12","date_gmt":"2019-05-27T17:34:12","guid":{"rendered":"http:\/\/zsezlotow.edu.pl\/?page_id=66"},"modified":"2024-09-04T09:12:41","modified_gmt":"2024-09-04T07:12:41","slug":"dokumenty","status":"publish","type":"page","link":"https:\/\/zsezlotow.edu.pl\/index.php\/dokumenty\/","title":{"rendered":"Dokumenty"},"content":{"rendered":"\n<div class=\"bfd-single-download\" id=\"bfd-single-download-64\">\n\t\t<div class=\"bfd-single-row\">\n\n\t\t\t\t <div class=\"bfd-column bfd-single-button-container\">\n\t\t \t\t\t\t \t\t<a href=\"https:\/\/zsezlotow.edu.pl\/index.php\/bfd_download\/koncepcja-pracy-szkoly\/\" title=\"Download Koncepcja Pracy Szko\u0142y\" class=\"bfd-svg-container bfd-single-download-btn\" download>\n\t\t\t\t \t<svg xmlns=\"http:\/\/www.w3.org\/2000\/svg\" width=\"28\" height=\"30\" viewBox=\"0 0 28 30\" version=\"1.1\"><g stroke=\"none\" stroke-width=\"1\" fill=\"none\" fill-rule=\"evenodd\"><g transform=\"translate(-6.000000, -5.000000)\" fill=\"currentColor\"><path d=\"M26.7 21.7L21.7 21.7 21.7 5 18.3 5 18.3 21.7 13.3 21.7 20 28.3 26.7 21.7 26.7 21.7ZM6.7 31.7L6.7 35 33.3 35 33.3 31.7 6.7 31.7 6.7 31.7Z\"\/><\/g><\/g><\/svg>\n\t\t\t\t<\/a>\n\t\t\t\t\t\t <\/div>\n\t\t <div class=\"bfd-column\">\n\t\t \t<a href=\"https:\/\/zsezlotow.edu.pl\/index.php\/bfd_download\/koncepcja-pracy-szkoly\/\" title=\"Download Koncepcja Pracy Szko\u0142y\" class=\"bfd-download-meta\" download >\n\t\t\t \t<p class=\"bfd-download-title\"><strong>Koncepcja Pracy Szko\u0142y<\/strong><\/p>\n\t\t\t \t\t\t\t \t<p class=\"bfd-bottom-zero\">\n\t\t\t \t\t<small>\n\t\t\t \t\t\tType: pdf\t\t\t \t\t<\/small>\n\t\t\t \t<\/p>\n\t\t\t <\/a>\n\t\t<\/div>\n\t\t <div class=\"bfd-column bfd-mime-col\">\n\t\t \t<object data=\"https:\/\/zsezlotow.edu.pl\/wp-content\/plugins\/better-file-download\/public\/partials\/..\/..\/colour-svg-file-types\/pdf.svg\" type=\"image\/svg+xml\" class=\"bfd-svg bfd-icon-img bfd-icon-single\"><\/object>\n\n\t\t<\/div>\n\t<\/div>\n<\/div> <!-- \/.single-download -->\n<br\/>\n\n\n\n\n<div class=\"bfd-single-download\" id=\"bfd-single-download-5107\">\n\t\t<div class=\"bfd-single-row\">\n\n\t\t\t\t <div class=\"bfd-column bfd-single-button-container\">\n\t\t \t\t\t\t \t\t<a href=\"https:\/\/zsezlotow.edu.pl\/index.php\/bfd_download\/statut-zespolu-szkol-ekonomicznych-2\/\" title=\"Download Statut Zespo\u0142u Szk\u00f3\u0142 Ekonomicznych\" class=\"bfd-svg-container bfd-single-download-btn\" download>\n\t\t\t\t \t<svg xmlns=\"http:\/\/www.w3.org\/2000\/svg\" width=\"28\" height=\"30\" viewBox=\"0 0 28 30\" version=\"1.1\"><g stroke=\"none\" stroke-width=\"1\" fill=\"none\" fill-rule=\"evenodd\"><g transform=\"translate(-6.000000, -5.000000)\" fill=\"currentColor\"><path d=\"M26.7 21.7L21.7 21.7 21.7 5 18.3 5 18.3 21.7 13.3 21.7 20 28.3 26.7 21.7 26.7 21.7ZM6.7 31.7L6.7 35 33.3 35 33.3 31.7 6.7 31.7 6.7 31.7Z\"\/><\/g><\/g><\/svg>\n\t\t\t\t<\/a>\n\t\t\t\t\t\t <\/div>\n\t\t <div class=\"bfd-column\">\n\t\t \t<a href=\"https:\/\/zsezlotow.edu.pl\/index.php\/bfd_download\/statut-zespolu-szkol-ekonomicznych-2\/\" title=\"Download Statut Zespo\u0142u Szk\u00f3\u0142 Ekonomicznych\" class=\"bfd-download-meta\" download >\n\t\t\t \t<p class=\"bfd-download-title\"><strong>Statut Zespo\u0142u Szk\u00f3\u0142 Ekonomicznych<\/strong><\/p>\n\t\t\t \t\t\t\t \t<p class=\"bfd-bottom-zero\">\n\t\t\t \t\t<small>\n\t\t\t \t\t\tType: pdf\t\t\t \t\t<\/small>\n\t\t\t \t<\/p>\n\t\t\t <\/a>\n\t\t<\/div>\n\t\t <div class=\"bfd-column bfd-mime-col\">\n\t\t \t<object data=\"https:\/\/zsezlotow.edu.pl\/wp-content\/plugins\/better-file-download\/public\/partials\/..\/..\/colour-svg-file-types\/pdf.svg\" type=\"image\/svg+xml\" class=\"bfd-svg bfd-icon-img bfd-icon-single\"><\/object>\n\n\t\t<\/div>\n\t<\/div>\n<\/div> <!-- \/.single-download -->\n<br\/>\n\n\n\n\n<div class=\"bfd-single-download\" id=\"bfd-single-download-5112\">\n\t\t<div class=\"bfd-single-row\">\n\n\t\t\t\t <div class=\"bfd-column bfd-single-button-container\">\n\t\t \t\t\t\t \t\t<a href=\"https:\/\/zsezlotow.edu.pl\/index.php\/bfd_download\/statut-technikum-nr-2\/\" title=\"Download Statut Technikum Nr 2\" class=\"bfd-svg-container bfd-single-download-btn\" download>\n\t\t\t\t \t<svg xmlns=\"http:\/\/www.w3.org\/2000\/svg\" width=\"28\" height=\"30\" viewBox=\"0 0 28 30\" version=\"1.1\"><g stroke=\"none\" stroke-width=\"1\" fill=\"none\" fill-rule=\"evenodd\"><g transform=\"translate(-6.000000, -5.000000)\" fill=\"currentColor\"><path d=\"M26.7 21.7L21.7 21.7 21.7 5 18.3 5 18.3 21.7 13.3 21.7 20 28.3 26.7 21.7 26.7 21.7ZM6.7 31.7L6.7 35 33.3 35 33.3 31.7 6.7 31.7 6.7 31.7Z\"\/><\/g><\/g><\/svg>\n\t\t\t\t<\/a>\n\t\t\t\t\t\t <\/div>\n\t\t <div class=\"bfd-column\">\n\t\t \t<a href=\"https:\/\/zsezlotow.edu.pl\/index.php\/bfd_download\/statut-technikum-nr-2\/\" title=\"Download Statut Technikum Nr 2\" class=\"bfd-download-meta\" download >\n\t\t\t \t<p class=\"bfd-download-title\"><strong>Statut Technikum Nr 2<\/strong><\/p>\n\t\t\t \t\t\t\t \t<p class=\"bfd-bottom-zero\">\n\t\t\t \t\t<small>\n\t\t\t \t\t\tType: pdf\t\t\t \t\t<\/small>\n\t\t\t \t<\/p>\n\t\t\t <\/a>\n\t\t<\/div>\n\t\t <div class=\"bfd-column bfd-mime-col\">\n\t\t \t<object data=\"https:\/\/zsezlotow.edu.pl\/wp-content\/plugins\/better-file-download\/public\/partials\/..\/..\/colour-svg-file-types\/pdf.svg\" type=\"image\/svg+xml\" class=\"bfd-svg bfd-icon-img bfd-icon-single\"><\/object>\n\n\t\t<\/div>\n\t<\/div>\n<\/div> <!-- \/.single-download -->\n<br\/>\n\n\n\n\n<div class=\"bfd-single-download\" id=\"bfd-single-download-5116\">\n\t\t<div class=\"bfd-single-row\">\n\n\t\t\t\t <div class=\"bfd-column bfd-single-button-container\">\n\t\t \t\t\t\t \t\t<a href=\"https:\/\/zsezlotow.edu.pl\/index.php\/bfd_download\/statut-ii-liceum-ogolnoksztalcacego\/\" title=\"Download Statut II Liceum Og\u00f3lnokszta\u0142c\u0105cego\" class=\"bfd-svg-container bfd-single-download-btn\" download>\n\t\t\t\t \t<svg xmlns=\"http:\/\/www.w3.org\/2000\/svg\" width=\"28\" height=\"30\" viewBox=\"0 0 28 30\" version=\"1.1\"><g stroke=\"none\" stroke-width=\"1\" fill=\"none\" fill-rule=\"evenodd\"><g transform=\"translate(-6.000000, -5.000000)\" fill=\"currentColor\"><path d=\"M26.7 21.7L21.7 21.7 21.7 5 18.3 5 18.3 21.7 13.3 21.7 20 28.3 26.7 21.7 26.7 21.7ZM6.7 31.7L6.7 35 33.3 35 33.3 31.7 6.7 31.7 6.7 31.7Z\"\/><\/g><\/g><\/svg>\n\t\t\t\t<\/a>\n\t\t\t\t\t\t <\/div>\n\t\t <div class=\"bfd-column\">\n\t\t \t<a href=\"https:\/\/zsezlotow.edu.pl\/index.php\/bfd_download\/statut-ii-liceum-ogolnoksztalcacego\/\" title=\"Download Statut II Liceum Og\u00f3lnokszta\u0142c\u0105cego\" class=\"bfd-download-meta\" download >\n\t\t\t \t<p class=\"bfd-download-title\"><strong>Statut II Liceum Og\u00f3lnokszta\u0142c\u0105cego<\/strong><\/p>\n\t\t\t \t\t\t\t \t<p class=\"bfd-bottom-zero\">\n\t\t\t \t\t<small>\n\t\t\t \t\t\tType: pdf\t\t\t \t\t<\/small>\n\t\t\t \t<\/p>\n\t\t\t <\/a>\n\t\t<\/div>\n\t\t <div class=\"bfd-column bfd-mime-col\">\n\t\t \t<object data=\"https:\/\/zsezlotow.edu.pl\/wp-content\/plugins\/better-file-download\/public\/partials\/..\/..\/colour-svg-file-types\/pdf.svg\" type=\"image\/svg+xml\" class=\"bfd-svg bfd-icon-img bfd-icon-single\"><\/object>\n\n\t\t<\/div>\n\t<\/div>\n<\/div> <!-- \/.single-download -->\n<br\/>\n\n\n\n\n<div class=\"bfd-single-download\" id=\"bfd-single-download-5120\">\n\t\t<div class=\"bfd-single-row\">\n\n\t\t\t\t <div class=\"bfd-column bfd-single-button-container\">\n\t\t \t\t\t\t \t\t<a href=\"https:\/\/zsezlotow.edu.pl\/index.php\/bfd_download\/statut-szkoly-policealnej-nr-2\/\" title=\"Download Statut Szko\u0142y Policealnej Nr 2\" class=\"bfd-svg-container bfd-single-download-btn\" download>\n\t\t\t\t \t<svg xmlns=\"http:\/\/www.w3.org\/2000\/svg\" width=\"28\" height=\"30\" viewBox=\"0 0 28 30\" version=\"1.1\"><g stroke=\"none\" stroke-width=\"1\" fill=\"none\" fill-rule=\"evenodd\"><g transform=\"translate(-6.000000, -5.000000)\" fill=\"currentColor\"><path d=\"M26.7 21.7L21.7 21.7 21.7 5 18.3 5 18.3 21.7 13.3 21.7 20 28.3 26.7 21.7 26.7 21.7ZM6.7 31.7L6.7 35 33.3 35 33.3 31.7 6.7 31.7 6.7 31.7Z\"\/><\/g><\/g><\/svg>\n\t\t\t\t<\/a>\n\t\t\t\t\t\t <\/div>\n\t\t <div class=\"bfd-column\">\n\t\t \t<a href=\"https:\/\/zsezlotow.edu.pl\/index.php\/bfd_download\/statut-szkoly-policealnej-nr-2\/\" title=\"Download Statut Szko\u0142y Policealnej Nr 2\" class=\"bfd-download-meta\" download >\n\t\t\t \t<p class=\"bfd-download-title\"><strong>Statut Szko\u0142y Policealnej Nr 2<\/strong><\/p>\n\t\t\t \t\t\t\t \t<p class=\"bfd-bottom-zero\">\n\t\t\t \t\t<small>\n\t\t\t \t\t\tType: pdf\t\t\t \t\t<\/small>\n\t\t\t \t<\/p>\n\t\t\t <\/a>\n\t\t<\/div>\n\t\t <div class=\"bfd-column bfd-mime-col\">\n\t\t \t<object data=\"https:\/\/zsezlotow.edu.pl\/wp-content\/plugins\/better-file-download\/public\/partials\/..\/..\/colour-svg-file-types\/pdf.svg\" type=\"image\/svg+xml\" class=\"bfd-svg bfd-icon-img bfd-icon-single\"><\/object>\n\n\t\t<\/div>\n\t<\/div>\n<\/div> <!-- \/.single-download -->\n<br\/>\n\n\n\n\n<div class=\"bfd-single-download\" id=\"bfd-single-download-1864\">\n\t\t<div class=\"bfd-single-row\">\n\n\t\t\t\t <div class=\"bfd-column bfd-single-button-container\">\n\t\t \t\t\t\t \t\t<a href=\"https:\/\/zsezlotow.edu.pl\/index.php\/bfd_download\/wewnatrzszkolny-system-doradztwa-zawodowego\/\" title=\"Download Wewn\u0105trzszkolny System Doradztwa Zawodowego\" class=\"bfd-svg-container bfd-single-download-btn\" download>\n\t\t\t\t \t<svg xmlns=\"http:\/\/www.w3.org\/2000\/svg\" width=\"28\" height=\"30\" viewBox=\"0 0 28 30\" version=\"1.1\"><g stroke=\"none\" stroke-width=\"1\" fill=\"none\" fill-rule=\"evenodd\"><g transform=\"translate(-6.000000, -5.000000)\" fill=\"currentColor\"><path d=\"M26.7 21.7L21.7 21.7 21.7 5 18.3 5 18.3 21.7 13.3 21.7 20 28.3 26.7 21.7 26.7 21.7ZM6.7 31.7L6.7 35 33.3 35 33.3 31.7 6.7 31.7 6.7 31.7Z\"\/><\/g><\/g><\/svg>\n\t\t\t\t<\/a>\n\t\t\t\t\t\t <\/div>\n\t\t <div class=\"bfd-column\">\n\t\t \t<a href=\"https:\/\/zsezlotow.edu.pl\/index.php\/bfd_download\/wewnatrzszkolny-system-doradztwa-zawodowego\/\" title=\"Download Wewn\u0105trzszkolny System Doradztwa Zawodowego\" class=\"bfd-download-meta\" download >\n\t\t\t \t<p class=\"bfd-download-title\"><strong>Wewn\u0105trzszkolny System Doradztwa Zawodowego<\/strong><\/p>\n\t\t\t \t\t\t\t \t<p class=\"bfd-bottom-zero\">\n\t\t\t \t\t<small>\n\t\t\t \t\t\tType: pdf\t\t\t \t\t<\/small>\n\t\t\t \t<\/p>\n\t\t\t <\/a>\n\t\t<\/div>\n\t\t <div class=\"bfd-column bfd-mime-col\">\n\t\t \t<object data=\"https:\/\/zsezlotow.edu.pl\/wp-content\/plugins\/better-file-download\/public\/partials\/..\/..\/colour-svg-file-types\/pdf.svg\" type=\"image\/svg+xml\" class=\"bfd-svg bfd-icon-img bfd-icon-single\"><\/object>\n\n\t\t<\/div>\n\t<\/div>\n<\/div> <!-- \/.single-download -->\n<br\/>\n\n\n\n\n<div class=\"bfd-single-download\" id=\"bfd-single-download-1862\">\n\t\t<div class=\"bfd-single-row\">\n\n\t\t\t\t <div class=\"bfd-column bfd-single-button-container\">\n\t\t \t\t\t\t \t\t<a href=\"https:\/\/zsezlotow.edu.pl\/index.php\/bfd_download\/program-wychowawczo-profilaktyczny-2\/\" title=\"Download Program Wychowawczo-Profilaktyczny\" class=\"bfd-svg-container bfd-single-download-btn\" download>\n\t\t\t\t \t<svg xmlns=\"http:\/\/www.w3.org\/2000\/svg\" width=\"28\" height=\"30\" viewBox=\"0 0 28 30\" version=\"1.1\"><g stroke=\"none\" stroke-width=\"1\" fill=\"none\" fill-rule=\"evenodd\"><g transform=\"translate(-6.000000, -5.000000)\" fill=\"currentColor\"><path d=\"M26.7 21.7L21.7 21.7 21.7 5 18.3 5 18.3 21.7 13.3 21.7 20 28.3 26.7 21.7 26.7 21.7ZM6.7 31.7L6.7 35 33.3 35 33.3 31.7 6.7 31.7 6.7 31.7Z\"\/><\/g><\/g><\/svg>\n\t\t\t\t<\/a>\n\t\t\t\t\t\t <\/div>\n\t\t <div class=\"bfd-column\">\n\t\t \t<a href=\"https:\/\/zsezlotow.edu.pl\/index.php\/bfd_download\/program-wychowawczo-profilaktyczny-2\/\" title=\"Download Program Wychowawczo-Profilaktyczny\" class=\"bfd-download-meta\" download >\n\t\t\t \t<p class=\"bfd-download-title\"><strong>Program Wychowawczo-Profilaktyczny<\/strong><\/p>\n\t\t\t \t\t\t\t \t<p class=\"bfd-bottom-zero\">\n\t\t\t \t\t<small>\n\t\t\t \t\t\tType: pdf\t\t\t \t\t<\/small>\n\t\t\t \t<\/p>\n\t\t\t <\/a>\n\t\t<\/div>\n\t\t <div class=\"bfd-column bfd-mime-col\">\n\t\t \t<object data=\"https:\/\/zsezlotow.edu.pl\/wp-content\/plugins\/better-file-download\/public\/partials\/..\/..\/colour-svg-file-types\/pdf.svg\" type=\"image\/svg+xml\" class=\"bfd-svg bfd-icon-img bfd-icon-single\"><\/object>\n\n\t\t<\/div>\n\t<\/div>\n<\/div> <!-- \/.single-download -->\n<br\/>\n\n\n\n\n<div class=\"bfd-single-download\" id=\"bfd-single-download-1603\">\n\t\t<div class=\"bfd-single-row\">\n\n\t\t\t\t <div class=\"bfd-column bfd-single-button-container\">\n\t\t \t\t\t\t \t\t<a href=\"https:\/\/zsezlotow.edu.pl\/index.php\/bfd_download\/klauzula-informacyjna-kandydaci-do-pracy\/\" title=\"Download Klauzula informacyjna kandydaci do pracy\" class=\"bfd-svg-container bfd-single-download-btn\" download>\n\t\t\t\t \t<svg xmlns=\"http:\/\/www.w3.org\/2000\/svg\" width=\"28\" height=\"30\" viewBox=\"0 0 28 30\" version=\"1.1\"><g stroke=\"none\" stroke-width=\"1\" fill=\"none\" fill-rule=\"evenodd\"><g transform=\"translate(-6.000000, -5.000000)\" fill=\"currentColor\"><path d=\"M26.7 21.7L21.7 21.7 21.7 5 18.3 5 18.3 21.7 13.3 21.7 20 28.3 26.7 21.7 26.7 21.7ZM6.7 31.7L6.7 35 33.3 35 33.3 31.7 6.7 31.7 6.7 31.7Z\"\/><\/g><\/g><\/svg>\n\t\t\t\t<\/a>\n\t\t\t\t\t\t <\/div>\n\t\t <div class=\"bfd-column\">\n\t\t \t<a href=\"https:\/\/zsezlotow.edu.pl\/index.php\/bfd_download\/klauzula-informacyjna-kandydaci-do-pracy\/\" title=\"Download Klauzula informacyjna kandydaci do pracy\" class=\"bfd-download-meta\" download >\n\t\t\t \t<p class=\"bfd-download-title\"><strong>Klauzula informacyjna kandydaci do pracy<\/strong><\/p>\n\t\t\t \t\t\t\t \t<p class=\"bfd-bottom-zero\">\n\t\t\t \t\t<small>\n\t\t\t \t\t\tType: pdf\t\t\t \t\t<\/small>\n\t\t\t \t<\/p>\n\t\t\t <\/a>\n\t\t<\/div>\n\t\t <div class=\"bfd-column bfd-mime-col\">\n\t\t \t<object data=\"https:\/\/zsezlotow.edu.pl\/wp-content\/plugins\/better-file-download\/public\/partials\/..\/..\/colour-svg-file-types\/pdf.svg\" type=\"image\/svg+xml\" class=\"bfd-svg bfd-icon-img bfd-icon-single\"><\/object>\n\n\t\t<\/div>\n\t<\/div>\n<\/div> <!-- \/.single-download -->\n<br\/>\n\n\n\n\n<div class=\"bfd-single-download\" id=\"bfd-single-download-3686\">\n\t\t<div class=\"bfd-single-row\">\n\n\t\t\t\t <div class=\"bfd-column bfd-single-button-container\">\n\t\t \t\t\t\t \t\t<a href=\"https:\/\/zsezlotow.edu.pl\/index.php\/bfd_download\/deklaracja-dostepnosci\/\" title=\"Download Deklaracja Dost\u0119pno\u015bci\" class=\"bfd-svg-container bfd-single-download-btn\" download>\n\t\t\t\t \t<svg xmlns=\"http:\/\/www.w3.org\/2000\/svg\" width=\"28\" height=\"30\" viewBox=\"0 0 28 30\" version=\"1.1\"><g stroke=\"none\" stroke-width=\"1\" fill=\"none\" fill-rule=\"evenodd\"><g transform=\"translate(-6.000000, -5.000000)\" fill=\"currentColor\"><path d=\"M26.7 21.7L21.7 21.7 21.7 5 18.3 5 18.3 21.7 13.3 21.7 20 28.3 26.7 21.7 26.7 21.7ZM6.7 31.7L6.7 35 33.3 35 33.3 31.7 6.7 31.7 6.7 31.7Z\"\/><\/g><\/g><\/svg>\n\t\t\t\t<\/a>\n\t\t\t\t\t\t <\/div>\n\t\t <div class=\"bfd-column\">\n\t\t \t<a href=\"https:\/\/zsezlotow.edu.pl\/index.php\/bfd_download\/deklaracja-dostepnosci\/\" title=\"Download Deklaracja Dost\u0119pno\u015bci\" class=\"bfd-download-meta\" download >\n\t\t\t \t<p class=\"bfd-download-title\"><strong>Deklaracja Dost\u0119pno\u015bci<\/strong><\/p>\n\t\t\t \t\t\t\t \t<p class=\"bfd-bottom-zero\">\n\t\t\t \t\t<small>\n\t\t\t \t\t\tType: pdf\t\t\t \t\t<\/small>\n\t\t\t \t<\/p>\n\t\t\t <\/a>\n\t\t<\/div>\n\t\t <div class=\"bfd-column bfd-mime-col\">\n\t\t \t<object data=\"https:\/\/zsezlotow.edu.pl\/wp-content\/plugins\/better-file-download\/public\/partials\/..\/..\/colour-svg-file-types\/pdf.svg\" type=\"image\/svg+xml\" class=\"bfd-svg bfd-icon-img bfd-icon-single\"><\/object>\n\n\t\t<\/div>\n\t<\/div>\n<\/div> <!-- \/.single-download -->\n<br\/>\n\n\n\n\n<div class=\"bfd-single-download\" id=\"bfd-single-download-5666\">\n\t\t<div class=\"bfd-single-row\">\n\n\t\t\t\t <div class=\"bfd-column bfd-single-button-container\">\n\t\t \t\t\t\t \t\t<a href=\"https:\/\/zsezlotow.edu.pl\/index.php\/bfd_download\/standardy-ochrony-maloletnich\/\" title=\"Download Standardy Ochrony Ma\u0142oletnich\" class=\"bfd-svg-container bfd-single-download-btn\" download>\n\t\t\t\t \t<svg xmlns=\"http:\/\/www.w3.org\/2000\/svg\" width=\"28\" height=\"30\" viewBox=\"0 0 28 30\" version=\"1.1\"><g stroke=\"none\" stroke-width=\"1\" fill=\"none\" fill-rule=\"evenodd\"><g transform=\"translate(-6.000000, -5.000000)\" fill=\"currentColor\"><path d=\"M26.7 21.7L21.7 21.7 21.7 5 18.3 5 18.3 21.7 13.3 21.7 20 28.3 26.7 21.7 26.7 21.7ZM6.7 31.7L6.7 35 33.3 35 33.3 31.7 6.7 31.7 6.7 31.7Z\"\/><\/g><\/g><\/svg>\n\t\t\t\t<\/a>\n\t\t\t\t\t\t <\/div>\n\t\t <div class=\"bfd-column\">\n\t\t \t<a href=\"https:\/\/zsezlotow.edu.pl\/index.php\/bfd_download\/standardy-ochrony-maloletnich\/\" title=\"Download Standardy Ochrony Ma\u0142oletnich\" class=\"bfd-download-meta\" download >\n\t\t\t \t<p class=\"bfd-download-title\"><strong>Standardy Ochrony Ma\u0142oletnich<\/strong><\/p>\n\t\t\t \t\t\t\t \t<p class=\"bfd-bottom-zero\">\n\t\t\t \t\t<small>\n\t\t\t \t\t\tType: pdf\t\t\t \t\t<\/small>\n\t\t\t \t<\/p>\n\t\t\t <\/a>\n\t\t<\/div>\n\t\t <div class=\"bfd-column bfd-mime-col\">\n\t\t \t<object data=\"https:\/\/zsezlotow.edu.pl\/wp-content\/plugins\/better-file-download\/public\/partials\/..\/..\/colour-svg-file-types\/pdf.svg\" type=\"image\/svg+xml\" class=\"bfd-svg bfd-icon-img bfd-icon-single\"><\/object>\n\n\t\t<\/div>\n\t<\/div>\n<\/div> <!-- \/.single-download -->\n<br\/>\n\n","protected":false},"excerpt":{"rendered":"","protected":false},"author":1,"featured_media":0,"parent":0,"menu_order":0,"comment_status":"closed","ping_status":"closed","template":"","meta":{"neve_meta_sidebar":"","neve_meta_container":"","neve_meta_enable_content_width":"","neve_meta_content_width":0,"neve_meta_title_alignment":"","neve_meta_author_avatar":"","neve_post_elements_order":"","neve_meta_disable_header":"","neve_meta_disable_footer":"","neve_meta_disable_title":"","ngg_post_thumbnail":0,"footnotes":""},"class_list":["post-66","page","type-page","status-publish","hentry"],"_links":{"self":[{"href":"https:\/\/zsezlotow.edu.pl\/index.php\/wp-json\/wp\/v2\/pages\/66","targetHints":{"allow":["GET"]}}],"collection":[{"href":"https:\/\/zsezlotow.edu.pl\/index.php\/wp-json\/wp\/v2\/pages"}],"about":[{"href":"https:\/\/zsezlotow.edu.pl\/index.php\/wp-json\/wp\/v2\/types\/page"}],"author":[{"embeddable":true,"href":"https:\/\/zsezlotow.edu.pl\/index.php\/wp-json\/wp\/v2\/users\/1"}],"replies":[{"embeddable":true,"href":"https:\/\/zsezlotow.edu.pl\/index.php\/wp-json\/wp\/v2\/comments?post=66"}],"version-history":[{"count":20,"href":"https:\/\/zsezlotow.edu.pl\/index.php\/wp-json\/wp\/v2\/pages\/66\/revisions"}],"predecessor-version":[{"id":5669,"href":"https:\/\/zsezlotow.edu.pl\/index.php\/wp-json\/wp\/v2\/pages\/66\/revisions\/5669"}],"wp:attachment":[{"href":"https:\/\/zsezlotow.edu.pl\/index.php\/wp-json\/wp\/v2\/media?parent=66"}],"curies":[{"name":"wp","href":"https:\/\/api.w.org\/{rel}","templated":true}]}}