{"id":5051,"date":"2023-05-24T09:12:19","date_gmt":"2023-05-24T07:12:19","guid":{"rendered":"https:\/\/zsezlotow.edu.pl\/?page_id=5051"},"modified":"2023-05-24T09:13:05","modified_gmt":"2023-05-24T07:13:05","slug":"szkolenia-zawodowe-nauczycieli-przedmiotow-fotograficznych","status":"publish","type":"page","link":"https:\/\/zsezlotow.edu.pl\/index.php\/szkolenia-zawodowe-nauczycieli-przedmiotow-fotograficznych\/","title":{"rendered":"Szkolenia zawodowe nauczycieli przedmiot\u00f3w fotograficznych"},"content":{"rendered":"\t\t<div data-elementor-type=\"wp-page\" data-elementor-id=\"5051\" class=\"elementor elementor-5051\">\n\t\t\t\t\t\t<section class=\"elementor-section elementor-top-section elementor-element elementor-element-48492f5 elementor-section-boxed elementor-section-height-default elementor-section-height-default\" data-id=\"48492f5\" data-element_type=\"section\" data-e-type=\"section\">\n\t\t\t\t\t\t<div class=\"elementor-container elementor-column-gap-default\">\n\t\t\t\t\t<div class=\"elementor-column elementor-col-100 elementor-top-column elementor-element elementor-element-e290b31\" data-id=\"e290b31\" data-element_type=\"column\" data-e-type=\"column\">\n\t\t\t<div class=\"elementor-widget-wrap elementor-element-populated\">\n\t\t\t\t\t\t<div class=\"elementor-element elementor-element-b98b2f4 elementor-widget elementor-widget-accordion\" data-id=\"b98b2f4\" data-element_type=\"widget\" data-e-type=\"widget\" data-widget_type=\"accordion.default\">\n\t\t\t\t<div class=\"elementor-widget-container\">\n\t\t\t\t\t\t\t<div class=\"elementor-accordion\">\n\t\t\t\t\t\t\t<div class=\"elementor-accordion-item\">\n\t\t\t\t\t<div id=\"elementor-tab-title-1941\" class=\"elementor-tab-title\" data-tab=\"1\" role=\"button\" aria-controls=\"elementor-tab-content-1941\" aria-expanded=\"false\">\n\t\t\t\t\t\t\t\t\t\t\t\t\t<span class=\"elementor-accordion-icon elementor-accordion-icon-left\" aria-hidden=\"true\">\n\t\t\t\t\t\t\t\t\t\t\t\t\t\t\t<span class=\"elementor-accordion-icon-closed\"><i class=\"fas fa-plus\"><\/i><\/span>\n\t\t\t\t\t\t\t\t<span class=\"elementor-accordion-icon-opened\"><i class=\"fas fa-minus\"><\/i><\/span>\n\t\t\t\t\t\t\t\t\t\t\t\t\t\t<\/span>\n\t\t\t\t\t\t\t\t\t\t\t\t<a class=\"elementor-accordion-title\" tabindex=\"0\">Relacja #1<\/a>\n\t\t\t\t\t<\/div>\n\t\t\t\t\t<div id=\"elementor-tab-content-1941\" class=\"elementor-tab-content elementor-clearfix\" data-tab=\"1\" role=\"region\" aria-labelledby=\"elementor-tab-title-1941\"><p>Mamy dla Was \u015bwietn\u0105 wiadomo\u015b\u0107! Dw\u00f3ch naszych nauczycieli przedmiot\u00f3w zawodowych &#8211; Ma\u0142gorzata Lipi\u0144ska i Rados\u0142aw Marsza\u0142ek obecnie uczestniczy w zagranicznym kursie &#8222;Photo and video making&#8221; w s\u0142onecznej Barcelonie! Kurs jest realizowany w ramach projektu Europejskie Mobilno\u015bci Zawodowe Kluczem do Sukcesu, finansowanego ze \u015brodk\u00f3w Unii Europejskiej z programu Erasmus.<br \/>Cieszymy si\u0119 bardzo, \u017ce maj\u0105 tak wspania\u0142\u0105 mo\u017cliwo\u015b\u0107 rozwijania swoich umiej\u0119tno\u015bci, zdobywania nowych do\u015bwiadcze\u0144 i poznania kultury Katalonii.<br \/>Podczas pobytu w Barcelonie maj\u0105 okazj\u0119 wymienia\u0107 do\u015bwiadczenia z nauczycielami z innych kraj\u00f3w, zainspirowa\u0107 si\u0119 wszechobecn\u0105 sztuk\u0105 i wr\u00f3ci\u0107 do szko\u0142y z g\u0142ow\u0105 pe\u0142n\u0105 pomys\u0142\u00f3w.<\/p>ngg_shortcode_0_placeholder<\/div>\n\t\t\t\t<\/div>\n\t\t\t\t\t\t\t<div class=\"elementor-accordion-item\">\n\t\t\t\t\t<div id=\"elementor-tab-title-1942\" class=\"elementor-tab-title\" data-tab=\"2\" role=\"button\" aria-controls=\"elementor-tab-content-1942\" aria-expanded=\"false\">\n\t\t\t\t\t\t\t\t\t\t\t\t\t<span class=\"elementor-accordion-icon elementor-accordion-icon-left\" aria-hidden=\"true\">\n\t\t\t\t\t\t\t\t\t\t\t\t\t\t\t<span class=\"elementor-accordion-icon-closed\"><i class=\"fas fa-plus\"><\/i><\/span>\n\t\t\t\t\t\t\t\t<span class=\"elementor-accordion-icon-opened\"><i class=\"fas fa-minus\"><\/i><\/span>\n\t\t\t\t\t\t\t\t\t\t\t\t\t\t<\/span>\n\t\t\t\t\t\t\t\t\t\t\t\t<a class=\"elementor-accordion-title\" tabindex=\"0\">Relacja #2<\/a>\n\t\t\t\t\t<\/div>\n\t\t\t\t\t<div id=\"elementor-tab-content-1942\" class=\"elementor-tab-content elementor-clearfix\" data-tab=\"2\" role=\"region\" aria-labelledby=\"elementor-tab-title-1942\"><p>Ponownie \u0142\u0105czymy si\u0119 z Barcelon\u0105, gdzie nasi nauczyciele uko\u0144czyli kurs. Przez ca\u0142y tydzie\u0144 zdobywali nowe umiej\u0119tno\u015bci pod okiem trenera Europass Teacher Academy. <br \/>Wolny czas sp\u0119dzili odkrywaj\u0105c pi\u0119kno miasta, przemierzaj\u0105c 130 km na pieszo. <br \/>Podczas spacer\u00f3w po urokliwych dzielnicach Barcelony, takich jak Gotyk i El Raval, nauczyciele mieli okazj\u0119 pozna\u0107 lokaln\u0105 kultur\u0119 i tradycje. Zobaczyli wiele zabytk\u00f3w, w tym niesamowite dzie\u0142a Antoniego Gaud\u00ed&#8217;ego. Spr\u00f3bowali r\u00f3wnie\u017c katalo\u0144skiej kuchni, kt\u00f3ra okaza\u0142a si\u0119 bardzo r\u00f3\u017cnorodna i smaczna, a szczeg\u00f3lnie przypad\u0142y im do gustu paella, churros, fruita de patates i croquetas. <br \/>Podsumowuj\u0105c, pobyt w Barcelonie by\u0142 dla nich wspania\u0142\u0105 przygod\u0105. \ud83e\udd13\ud83d\ude0e<\/p>ngg_shortcode_1_placeholder<\/div>\n\t\t\t\t<\/div>\n\t\t\t\t\t\t\t\t<\/div>\n\t\t\t\t\t\t<\/div>\n\t\t\t\t<\/div>\n\t\t\t\t\t<\/div>\n\t\t<\/div>\n\t\t\t\t\t<\/div>\n\t\t<\/section>\n\t\t\t\t<\/div>\n\t\t","protected":false},"excerpt":{"rendered":"<p>Relacja #1 Mamy dla Was \u015bwietn\u0105 wiadomo\u015b\u0107! Dw\u00f3ch naszych nauczycieli przedmiot\u00f3w zawodowych &#8211; Ma\u0142gorzata Lipi\u0144ska i Rados\u0142aw Marsza\u0142ek obecnie uczestniczy w zagranicznym kursie &#8222;Photo and video making&#8221; w s\u0142onecznej Barcelonie! Kurs jest realizowany w ramach projektu Europejskie Mobilno\u015bci Zawodowe Kluczem do Sukcesu, finansowanego ze \u015brodk\u00f3w Unii Europejskiej z programu Erasmus.Cieszymy si\u0119 bardzo, \u017ce maj\u0105 tak&hellip;&nbsp;<a href=\"https:\/\/zsezlotow.edu.pl\/index.php\/szkolenia-zawodowe-nauczycieli-przedmiotow-fotograficznych\/\" rel=\"bookmark\">Dowiedz si\u0119 wi\u0119cej &raquo;<span class=\"screen-reader-text\">Szkolenia zawodowe nauczycieli przedmiot\u00f3w fotograficznych<\/span><\/a><\/p>\n","protected":false},"author":1,"featured_media":0,"parent":0,"menu_order":0,"comment_status":"closed","ping_status":"closed","template":"page-templates\/template-pagebuilder-full-width.php","meta":{"neve_meta_sidebar":"full-width","neve_meta_container":"","neve_meta_enable_content_width":"on","neve_meta_content_width":100,"neve_meta_title_alignment":"","neve_meta_author_avatar":"","neve_post_elements_order":"","neve_meta_disable_header":"","neve_meta_disable_footer":"","neve_meta_disable_title":"","ngg_post_thumbnail":0,"footnotes":""},"class_list":["post-5051","page","type-page","status-publish","hentry"],"_links":{"self":[{"href":"https:\/\/zsezlotow.edu.pl\/index.php\/wp-json\/wp\/v2\/pages\/5051","targetHints":{"allow":["GET"]}}],"collection":[{"href":"https:\/\/zsezlotow.edu.pl\/index.php\/wp-json\/wp\/v2\/pages"}],"about":[{"href":"https:\/\/zsezlotow.edu.pl\/index.php\/wp-json\/wp\/v2\/types\/page"}],"author":[{"embeddable":true,"href":"https:\/\/zsezlotow.edu.pl\/index.php\/wp-json\/wp\/v2\/users\/1"}],"replies":[{"embeddable":true,"href":"https:\/\/zsezlotow.edu.pl\/index.php\/wp-json\/wp\/v2\/comments?post=5051"}],"version-history":[{"count":4,"href":"https:\/\/zsezlotow.edu.pl\/index.php\/wp-json\/wp\/v2\/pages\/5051\/revisions"}],"predecessor-version":[{"id":5073,"href":"https:\/\/zsezlotow.edu.pl\/index.php\/wp-json\/wp\/v2\/pages\/5051\/revisions\/5073"}],"wp:attachment":[{"href":"https:\/\/zsezlotow.edu.pl\/index.php\/wp-json\/wp\/v2\/media?parent=5051"}],"curies":[{"name":"wp","href":"https:\/\/api.w.org\/{rel}","templated":true}]}}