{"id":5014,"date":"2023-05-24T08:58:15","date_gmt":"2023-05-24T06:58:15","guid":{"rendered":"https:\/\/zsezlotow.edu.pl\/?page_id=5014"},"modified":"2023-11-06T12:36:28","modified_gmt":"2023-11-06T11:36:28","slug":"elementor-5014","status":"publish","type":"page","link":"https:\/\/zsezlotow.edu.pl\/index.php\/elementor-5014\/","title":{"rendered":"Elementor #5014"},"content":{"rendered":"\t\t<div data-elementor-type=\"wp-page\" data-elementor-id=\"5014\" class=\"elementor elementor-5014\">\n\t\t\t\t\t\t<section class=\"elementor-section elementor-top-section elementor-element elementor-element-8f71314 elementor-section-boxed elementor-section-height-default elementor-section-height-default\" data-id=\"8f71314\" data-element_type=\"section\" data-e-type=\"section\">\n\t\t\t\t\t\t<div class=\"elementor-container elementor-column-gap-default\">\n\t\t\t\t\t<div class=\"elementor-column elementor-col-100 elementor-top-column elementor-element elementor-element-c4596cf\" data-id=\"c4596cf\" data-element_type=\"column\" data-e-type=\"column\">\n\t\t\t<div class=\"elementor-widget-wrap elementor-element-populated\">\n\t\t\t\t\t\t<div class=\"elementor-element elementor-element-6a79d7a elementor-widget elementor-widget-accordion\" data-id=\"6a79d7a\" data-element_type=\"widget\" data-e-type=\"widget\" data-widget_type=\"accordion.default\">\n\t\t\t\t<div class=\"elementor-widget-container\">\n\t\t\t\t\t\t\t<div class=\"elementor-accordion\">\n\t\t\t\t\t\t\t<div class=\"elementor-accordion-item\">\n\t\t\t\t\t<div id=\"elementor-tab-title-1111\" class=\"elementor-tab-title\" data-tab=\"1\" role=\"button\" aria-controls=\"elementor-tab-content-1111\" aria-expanded=\"false\">\n\t\t\t\t\t\t\t\t\t\t\t\t\t<span class=\"elementor-accordion-icon elementor-accordion-icon-left\" aria-hidden=\"true\">\n\t\t\t\t\t\t\t\t\t\t\t\t\t\t\t<span class=\"elementor-accordion-icon-closed\"><i class=\"fas fa-plus\"><\/i><\/span>\n\t\t\t\t\t\t\t\t<span class=\"elementor-accordion-icon-opened\"><i class=\"fas fa-minus\"><\/i><\/span>\n\t\t\t\t\t\t\t\t\t\t\t\t\t\t<\/span>\n\t\t\t\t\t\t\t\t\t\t\t\t<a class=\"elementor-accordion-title\" tabindex=\"0\">Informacje o projekcie<\/a>\n\t\t\t\t\t<\/div>\n\t\t\t\t\t<div id=\"elementor-tab-content-1111\" class=\"elementor-tab-content elementor-clearfix\" data-tab=\"1\" role=\"region\" aria-labelledby=\"elementor-tab-title-1111\"><p><br \/>Projekt Europejskie Mobilno\u015bci Zawodowe Kluczem do sukcesu finansowany jest ze \u015brodk\u00f3w Unii Europejskiej w ramach przyznanej szkole Akredytacji w sektorze VET na lata 2021-2027. Projekt rozpocz\u0105\u0142 si\u0119 1.06.2022r. i b\u0119dzie trwa\u0142 do 31.08.2023r. Na realizacje projektu pozyskano dotacj\u0119 w wysoko\u015bci 59\u00a0283 Euro. Koordynatorem projektu jest pani Magdalena Grygiel.<br \/>G\u0142\u00f3wne cele projektu s\u0105 nast\u0119puj\u0105ce:<br \/>&#8211; organizacja praktyki zawodowej dla uczni\u00f3w w firmach w Bradze\/ Portugalia,<br \/>&#8211; zdobycie nowych umiej\u0119tno\u015bci i do\u015bwiadcze\u0144 w zakresie kompetencji, kt\u00f3re wzbogac\u0105 do\u015bwiadczenie zawodowe i zostan\u0105 wykorzystane w naturalnym \u015brodowisku pracy,<br \/>&#8211; wyr\u00f3wnanie szans edukacyjnych,<br \/>&#8211; zbudowanie i wzmocnienie konkurencyjno\u015bci uczni\u00f3w technikum na europejskim rynku pracy poprzez zdobycie wyr\u00f3\u017cnika (sta\u017c zagraniczny potwierdzony dokumentem Europass Mobilno\u015b\u0107),<br \/>&#8211; wykorzystanie poznanej w szkole wiedzy w praktyce, zach\u0119cenie do podejmowania dzia\u0142a\u0144, <br \/>&#8211; rozw\u00f3j kompetencji kluczowych,<br \/>&#8211; prze\u0142amywanie stereotyp\u00f3w, kszta\u0142towanie tolerancji wobec innych kultur i tradycji europejskich.<br \/>Projekt skierowany jest do 19 uczni\u00f3w klas technikum w 5-letnim cyklu kszta\u0142cenia w zawodach technik ekonomista, reklamy, fotografii i multimedi\u00f3w, informatyk i programista. Celem projektu jest odbycie 4-tygodniowej praktyki zawodowej w Bradze w Portugalii zgodnie z profilem nauczania. Projekt skierowany jest tak\u017ce do 4 nauczycieli przedmiot\u00f3w zawodowych, kt\u00f3rzy odb\u0119d\u0105 sta\u017c zawodowy w firmach (2 osoby) i wyjad\u0105 na szkolenie zawodowe (2 osoby).<\/p><div class=\"wp-block-image\"><a href=\"https:\/\/zsezlotow.edu.pl\/wp-content\/uploads\/2023\/05\/300177287_5480357368689726_7991522536213846059_n.jpg\"><img fetchpriority=\"high\" decoding=\"async\" class=\"alignleft wp-image-5011 size-medium\" src=\"https:\/\/zsezlotow.edu.pl\/wp-content\/uploads\/2023\/05\/300177287_5480357368689726_7991522536213846059_n-212x300.jpg\" alt=\"\" width=\"212\" height=\"300\" srcset=\"https:\/\/zsezlotow.edu.pl\/wp-content\/uploads\/2023\/05\/300177287_5480357368689726_7991522536213846059_n-212x300.jpg 212w, https:\/\/zsezlotow.edu.pl\/wp-content\/uploads\/2023\/05\/300177287_5480357368689726_7991522536213846059_n.jpg 509w\" sizes=\"(max-width: 212px) 100vw, 212px\" \/><\/a><\/div><div class=\"wp-block-image\"><a href=\"https:\/\/zsezlotow.edu.pl\/wp-content\/uploads\/2023\/05\/Plakat.png\"><img decoding=\"async\" class=\"alignnone wp-image-5010 size-medium\" src=\"https:\/\/zsezlotow.edu.pl\/wp-content\/uploads\/2023\/05\/Plakat-212x300.png\" alt=\"\" width=\"212\" height=\"300\" srcset=\"https:\/\/zsezlotow.edu.pl\/wp-content\/uploads\/2023\/05\/Plakat-212x300.png 212w, https:\/\/zsezlotow.edu.pl\/wp-content\/uploads\/2023\/05\/Plakat-724x1024.png 724w, https:\/\/zsezlotow.edu.pl\/wp-content\/uploads\/2023\/05\/Plakat-768x1086.png 768w, https:\/\/zsezlotow.edu.pl\/wp-content\/uploads\/2023\/05\/Plakat-1086x1536.png 1086w, https:\/\/zsezlotow.edu.pl\/wp-content\/uploads\/2023\/05\/Plakat.png 1414w\" sizes=\"(max-width: 212px) 100vw, 212px\" \/><\/a><\/div><\/div>\n\t\t\t\t<\/div>\n\t\t\t\t\t\t\t<div class=\"elementor-accordion-item\">\n\t\t\t\t\t<div id=\"elementor-tab-title-1112\" class=\"elementor-tab-title\" data-tab=\"2\" role=\"button\" aria-controls=\"elementor-tab-content-1112\" aria-expanded=\"false\">\n\t\t\t\t\t\t\t\t\t\t\t\t\t<span class=\"elementor-accordion-icon elementor-accordion-icon-left\" aria-hidden=\"true\">\n\t\t\t\t\t\t\t\t\t\t\t\t\t\t\t<span class=\"elementor-accordion-icon-closed\"><i class=\"fas fa-plus\"><\/i><\/span>\n\t\t\t\t\t\t\t\t<span class=\"elementor-accordion-icon-opened\"><i class=\"fas fa-minus\"><\/i><\/span>\n\t\t\t\t\t\t\t\t\t\t\t\t\t\t<\/span>\n\t\t\t\t\t\t\t\t\t\t\t\t<a class=\"elementor-accordion-title\" tabindex=\"0\">Zaj\u0119cia j\u0119zykowe przygotowawcze do mobilno\u015bci<\/a>\n\t\t\t\t\t<\/div>\n\t\t\t\t\t<div id=\"elementor-tab-content-1112\" class=\"elementor-tab-content elementor-clearfix\" data-tab=\"2\" role=\"region\" aria-labelledby=\"elementor-tab-title-1112\"><p>Zaj\u0119cia przygotowuj\u0105ce uczni\u00f3w do wyjazdu na praktyki zawodowe do Bragi w Portugalii ju\u017c na p\u00f3\u0142metku. Dotychczas uczestnicy projektu zapoznali si\u0119 z walorami naturalnymi i historycznymi Portugalii na zaj\u0119ciach kulturowych, dowiedzieli si\u0119 jak tworzy\u0107 dokumenty aplikacyjne z wykorzystaniem platformy Europass, rozwijaj\u0105 umiej\u0119tno\u015bci komunikacji w j\u0119zyku angielskim na dodatkowych zaj\u0119ciach j\u0119zykowych. W pi\u0105tek 13.01.2023 uczniowie \u0107wiczyli umiej\u0119tno\u015b\u0107 autoprezentacji oraz omawiali cechy idealnego sta\u017cysty. Przed nimi jeszcze zaj\u0119cia z doradztwa zawodowego, spotkanie z psychologiem oraz zaj\u0119cia j\u0119zykowe online na platformie j\u0119zykowej OLS.<br \/>Projekt realizujemy dzi\u0119ki akredytacji w sektorze VET Kszta\u0142cenie i Szkolenia Zawodowe w programie ERASMUS+<\/p><p>\u00a0<\/p><\/div>\n\t\t\t\t<\/div>\n\t\t\t\t\t\t\t<div class=\"elementor-accordion-item\">\n\t\t\t\t\t<div id=\"elementor-tab-title-1113\" class=\"elementor-tab-title\" data-tab=\"3\" role=\"button\" aria-controls=\"elementor-tab-content-1113\" aria-expanded=\"false\">\n\t\t\t\t\t\t\t\t\t\t\t\t\t<span class=\"elementor-accordion-icon elementor-accordion-icon-left\" aria-hidden=\"true\">\n\t\t\t\t\t\t\t\t\t\t\t\t\t\t\t<span class=\"elementor-accordion-icon-closed\"><i class=\"fas fa-plus\"><\/i><\/span>\n\t\t\t\t\t\t\t\t<span class=\"elementor-accordion-icon-opened\"><i class=\"fas fa-minus\"><\/i><\/span>\n\t\t\t\t\t\t\t\t\t\t\t\t\t\t<\/span>\n\t\t\t\t\t\t\t\t\t\t\t\t<a class=\"elementor-accordion-title\" tabindex=\"0\">Zaj\u0119cia z psychologiem przygotowawcze do mobilno\u015bci<\/a>\n\t\t\t\t\t<\/div>\n\t\t\t\t\t<div id=\"elementor-tab-content-1113\" class=\"elementor-tab-content elementor-clearfix\" data-tab=\"3\" role=\"region\" aria-labelledby=\"elementor-tab-title-1113\"><p>Przygotowani? Odliczanie czas zacz\u0105\u0107<br \/>Ko\u0144cz\u0105 si\u0119 zaj\u0119cia przygotowuj\u0105ce m\u0142odzie\u017c do wyjazdu na praktyki zawodowe do portugalskiej Bragi. W pi\u0105tek 17.02.2023r. grupa uczni\u00f3w z klas 4Ap, 4Bp i 4Cp realizuj\u0105ca projekt EMZ w ramach programu ERASMUS+ uczestniczy\u0142a w warsztatach przygotowanych przez pani\u0105 psycholog M. Szyma\u0144sk\u0105. G\u0142\u00f3wnym celem spotkania by\u0142a integracja zespo\u0142u, kt\u00f3ra mia\u0142a wzmocni\u0107 poczucie w\u0142asnej warto\u015bci w\u015br\u00f3d uczestnik\u00f3w warsztat\u00f3w. Podczas spotkania uczniowie dokonywali swojej autoprezentacji za pomoc\u0105 kart Dixit, okre\u015blali w\u0142asne potrzeby i oczekiwania, tworz\u0105c w ten spos\u00f3b oczekiwania i potrzeby zespo\u0142u. Rozwijali ciekawo\u015b\u0107 wobec w\u0142asnej osoby i odkrywali swoje mocne strony. Za pomoc\u0105 metody Word cafe odpowiadali w grupach na pytania dotycz\u0105ce wyjazdu. Zaj\u0119cia zosta\u0142y podsumowane dobr\u0105 my\u015bl\u0105 dla ka\u017cdego uczestnika.<\/p>ngg_shortcode_0_placeholder<\/div>\n\t\t\t\t<\/div>\n\t\t\t\t\t\t\t<div class=\"elementor-accordion-item\">\n\t\t\t\t\t<div id=\"elementor-tab-title-1114\" class=\"elementor-tab-title\" data-tab=\"4\" role=\"button\" aria-controls=\"elementor-tab-content-1114\" aria-expanded=\"false\">\n\t\t\t\t\t\t\t\t\t\t\t\t\t<span class=\"elementor-accordion-icon elementor-accordion-icon-left\" aria-hidden=\"true\">\n\t\t\t\t\t\t\t\t\t\t\t\t\t\t\t<span class=\"elementor-accordion-icon-closed\"><i class=\"fas fa-plus\"><\/i><\/span>\n\t\t\t\t\t\t\t\t<span class=\"elementor-accordion-icon-opened\"><i class=\"fas fa-minus\"><\/i><\/span>\n\t\t\t\t\t\t\t\t\t\t\t\t\t\t<\/span>\n\t\t\t\t\t\t\t\t\t\t\t\t<a class=\"elementor-accordion-title\" tabindex=\"0\">Zdobywamy nowe umiej\u0119tno\u015bci z Erasmusem<\/a>\n\t\t\t\t\t<\/div>\n\t\t\t\t\t<div id=\"elementor-tab-content-1114\" class=\"elementor-tab-content elementor-clearfix\" data-tab=\"4\" role=\"region\" aria-labelledby=\"elementor-tab-title-1114\"><p>Praktyki zawodowe w s\u0142onecznej Bradze s\u0105 ju\u017c na p\u00f3\u0142metku. Nabyt\u0105 w szkole wiedz\u0119 uczniowie wykorzystuj\u0105 w praktyce w r\u00f3\u017cnych miejscach pracy zdobywaj\u0105c jednocze\u015bnie nowe umiej\u0119tno\u015bci. Portugalscy pracodawcy s\u0105 bardzo serdeczni i nie brakuje im poczucia humoru. Miejsca pracy to g\u0142\u00f3wnie ma\u0142e firmy lub organizacje non-profit. S\u0105 w\u015br\u00f3d nich: agencja reklamowa, biuro rachunkowe, firma programistyczna zajmuj\u0105ca si\u0119 programowaniem mi.in. w j\u0119zykach Laravel i React, studio fotograficzne, administracja szko\u0142y. Mentorowie w zak\u0142adach pracy doceniaj\u0105 naszych uczni\u00f3w za pracowito\u015b\u0107, obowi\u0105zkowo\u015b\u0107 i kreatywno\u015b\u0107. Pewn\u0105 trudno\u015b\u0107 stanowi\u0142a bariera j\u0119zykowa szczeg\u00f3lnie w odniesieniu do j\u0119zyka portugalskiego, ale z ka\u017cdym dniem m\u0142odzie\u017c radzi sobie coraz lepiej. Du\u017cym plusem praktyki zagranicznej jest umiej\u0119tno\u015b\u0107 wsp\u00f3\u0142pracy w r\u00f3\u017cnorodnym kulturowo zespole. Wsp\u00f3\u0142praca z innymi praktykantami daje mo\u017cliwo\u015b\u0107 nawi\u0105zania nowych znajomo\u015bci, kszta\u0142towania wzajemnej tolerancji i uwra\u017cliwienia na problemy spo\u0142eczne. Wsp\u00f3lne zakwaterowanie wszystkich uczni\u00f3w i opiekun\u00f3w rozwija umiej\u0119tno\u015bci organizacyjne, komunikacyjne i negocjacyjne. Zapraszamy do obejrzenia fotorelacji.<\/p>ngg_shortcode_1_placeholder<\/div>\n\t\t\t\t<\/div>\n\t\t\t\t\t\t\t<div class=\"elementor-accordion-item\">\n\t\t\t\t\t<div id=\"elementor-tab-title-1115\" class=\"elementor-tab-title\" data-tab=\"5\" role=\"button\" aria-controls=\"elementor-tab-content-1115\" aria-expanded=\"false\">\n\t\t\t\t\t\t\t\t\t\t\t\t\t<span class=\"elementor-accordion-icon elementor-accordion-icon-left\" aria-hidden=\"true\">\n\t\t\t\t\t\t\t\t\t\t\t\t\t\t\t<span class=\"elementor-accordion-icon-closed\"><i class=\"fas fa-plus\"><\/i><\/span>\n\t\t\t\t\t\t\t\t<span class=\"elementor-accordion-icon-opened\"><i class=\"fas fa-minus\"><\/i><\/span>\n\t\t\t\t\t\t\t\t\t\t\t\t\t\t<\/span>\n\t\t\t\t\t\t\t\t\t\t\t\t<a class=\"elementor-accordion-title\" tabindex=\"0\">Zako\u0144czyli\u015bmy projekt, ale efekty pozostan\u0105<\/a>\n\t\t\t\t\t<\/div>\n\t\t\t\t\t<div id=\"elementor-tab-content-1115\" class=\"elementor-tab-content elementor-clearfix\" data-tab=\"5\" role=\"region\" aria-labelledby=\"elementor-tab-title-1115\"><p>W ubieg\u0142y czwartek 15 czerwca 2023r. podsumowali\u015bmy projekt wsp\u00f3\u0142finansowany ze \u015brodk\u00f3w Unii Europejskiej zatytu\u0142owany Europejskie Mobilno\u015bci Zawodowe Kluczem do Sukcesu. Na uroczystej gali zaproszeni go\u015bcie mogli zobaczy\u0107 rezultaty i efekty, kt\u00f3re osi\u0105gn\u0119li uczestnicy projektu podczas swoich mobilno\u015bci. Zar\u00f3wno uczniowie, jak i nauczyciele podzielili si\u0119 swoimi wra\u017ceniami z praktyk i szkole\u0144 zawodowych. W ramach projektu miesi\u0119czny sta\u017c w portugalskiej Bradze odby\u0142o 19 uczni\u00f3w z technikum, dw\u00f3ch nauczycieli nauczaj\u0105cych przedmiot\u00f3w z zakresu fotografii i multimedi\u00f3w wyjecha\u0142o na tygodniowe\u00a0 szkolenie zawodowe do hiszpa\u0144skiej Barcelony, a dw\u00f3ch nauczycieli przedmiot\u00f3w informatycznych odby\u0142o szkolenie typu job shadowing w portugalskich firmach. Opr\u00f3cz do\u015bwiadczenia zawodowego wszyscy beneficjenci poszerzyli swoj\u0105 wiedz\u0119 kulturow\u0105, poznali uczestnik\u00f3w projekt\u00f3w z innych kraj\u00f3w, rozwin\u0119li kompetencje interpersonalne i podszkolili komunikowanie si\u0119 w j\u0119zyku angielskim. Na pocz\u0105tku przysz\u0142ego roku szkolnego zaplanowano warsztaty dla uczni\u00f3w klas m\u0142odszych oraz nauczycieli, kt\u00f3rzy nie brali udzia\u0142u w projekcie maj\u0105ce na celu zaprezentowanie nabytych umiej\u0119tno\u015bci w praktyce. Projekt zrealizowano w ramach akcji KA1 Kszta\u0142cenie i szkolenia zawodowe z programu Erasmus+ dzi\u0119ki Akredytacji w sektorze VET na lata 2021-2027.<\/p>ngg_shortcode_2_placeholder<\/div>\n\t\t\t\t<\/div>\n\t\t\t\t\t\t\t<div class=\"elementor-accordion-item\">\n\t\t\t\t\t<div id=\"elementor-tab-title-1116\" class=\"elementor-tab-title\" data-tab=\"6\" role=\"button\" aria-controls=\"elementor-tab-content-1116\" aria-expanded=\"false\">\n\t\t\t\t\t\t\t\t\t\t\t\t\t<span class=\"elementor-accordion-icon elementor-accordion-icon-left\" aria-hidden=\"true\">\n\t\t\t\t\t\t\t\t\t\t\t\t\t\t\t<span class=\"elementor-accordion-icon-closed\"><i class=\"fas fa-plus\"><\/i><\/span>\n\t\t\t\t\t\t\t\t<span class=\"elementor-accordion-icon-opened\"><i class=\"fas fa-minus\"><\/i><\/span>\n\t\t\t\t\t\t\t\t\t\t\t\t\t\t<\/span>\n\t\t\t\t\t\t\t\t\t\t\t\t<a class=\"elementor-accordion-title\" tabindex=\"0\">Prace uczni\u00f3w<\/a>\n\t\t\t\t\t<\/div>\n\t\t\t\t\t<div id=\"elementor-tab-content-1116\" class=\"elementor-tab-content elementor-clearfix\" data-tab=\"6\" role=\"region\" aria-labelledby=\"elementor-tab-title-1116\"><p><a href=\"https:\/\/zsezlotow.edu.pl\/wp-content\/uploads\/2023\/11\/2.praktyki-Emil-Mlocek-Oliwier-Kalisz.pptx\">praktyki Emil, Oliwier<\/a><\/p><p><a href=\"https:\/\/zsezlotow.edu.pl\/wp-content\/uploads\/2023\/11\/3.Tymek-i-Kuba.pptx\">Tymek i Kuba<\/a> <a href=\"https:\/\/zsezlotow.edu.pl\/wp-content\/uploads\/2023\/11\/4-Wiktor-Julka.pptx\">4 Wiktor + Julka<\/a><\/p><p><a href=\"https:\/\/zsezlotow.edu.pl\/wp-content\/uploads\/2023\/11\/6-prezentacja-kozdramrotek-4bp.pptx\">prezentacja Mateusz,Wiktor 4bp<\/a><\/p><p><a href=\"https:\/\/zsezlotow.edu.pl\/wp-content\/uploads\/2023\/11\/7-Grzegorz-Klaudia-Wiktor.odp\">Grzegorz Klaudia Wiktor<\/a><\/p><p><a href=\"https:\/\/zsezlotow.edu.pl\/wp-content\/uploads\/2023\/11\/8-Zuzia-i-Klaudia.pptx\">Zuzia i Klaudia<\/a><\/p><p><a href=\"https:\/\/zsezlotow.edu.pl\/wp-content\/uploads\/2023\/11\/9-Rembecki-Rzepka.pptx\">Pawe\u0142, Mateusz<\/a><\/p><div style=\"width: 1200px;\" class=\"wp-video\"><video class=\"wp-video-shortcode\" id=\"video-5014-1\" width=\"1200\" height=\"675\" preload=\"metadata\" controls=\"controls\"><source type=\"video\/mp4\" src=\"https:\/\/zsezlotow.edu.pl\/wp-content\/uploads\/2023\/11\/5-Natalia-Kinga.mp4?_=1\" \/><a href=\"https:\/\/zsezlotow.edu.pl\/wp-content\/uploads\/2023\/11\/5-Natalia-Kinga.mp4\">https:\/\/zsezlotow.edu.pl\/wp-content\/uploads\/2023\/11\/5-Natalia-Kinga.mp4<\/a><\/video><\/div><p>\u00a0<\/p><\/div>\n\t\t\t\t<\/div>\n\t\t\t\t\t\t\t\t<\/div>\n\t\t\t\t\t\t<\/div>\n\t\t\t\t<\/div>\n\t\t\t\t\t<\/div>\n\t\t<\/div>\n\t\t\t\t\t<\/div>\n\t\t<\/section>\n\t\t\t\t<\/div>\n\t\t","protected":false},"excerpt":{"rendered":"<p>Informacje o projekcie Projekt Europejskie Mobilno\u015bci Zawodowe Kluczem do sukcesu finansowany jest ze \u015brodk\u00f3w Unii Europejskiej w ramach przyznanej szkole Akredytacji w sektorze VET na lata 2021-2027. Projekt rozpocz\u0105\u0142 si\u0119 1.06.2022r. i b\u0119dzie trwa\u0142 do 31.08.2023r. Na realizacje projektu pozyskano dotacj\u0119 w wysoko\u015bci 59\u00a0283 Euro. Koordynatorem projektu jest pani Magdalena Grygiel.G\u0142\u00f3wne cele projektu s\u0105 nast\u0119puj\u0105ce:&#8211;&hellip;&nbsp;<a href=\"https:\/\/zsezlotow.edu.pl\/index.php\/elementor-5014\/\" rel=\"bookmark\">Dowiedz si\u0119 wi\u0119cej &raquo;<span class=\"screen-reader-text\">Elementor #5014<\/span><\/a><\/p>\n","protected":false},"author":1,"featured_media":0,"parent":0,"menu_order":0,"comment_status":"closed","ping_status":"closed","template":"page-templates\/template-pagebuilder-full-width.php","meta":{"neve_meta_sidebar":"full-width","neve_meta_container":"","neve_meta_enable_content_width":"on","neve_meta_content_width":100,"neve_meta_title_alignment":"","neve_meta_author_avatar":"","neve_post_elements_order":"","neve_meta_disable_header":"","neve_meta_disable_footer":"","neve_meta_disable_title":"","ngg_post_thumbnail":0,"footnotes":""},"class_list":["post-5014","page","type-page","status-publish","hentry"],"_links":{"self":[{"href":"https:\/\/zsezlotow.edu.pl\/index.php\/wp-json\/wp\/v2\/pages\/5014","targetHints":{"allow":["GET"]}}],"collection":[{"href":"https:\/\/zsezlotow.edu.pl\/index.php\/wp-json\/wp\/v2\/pages"}],"about":[{"href":"https:\/\/zsezlotow.edu.pl\/index.php\/wp-json\/wp\/v2\/types\/page"}],"author":[{"embeddable":true,"href":"https:\/\/zsezlotow.edu.pl\/index.php\/wp-json\/wp\/v2\/users\/1"}],"replies":[{"embeddable":true,"href":"https:\/\/zsezlotow.edu.pl\/index.php\/wp-json\/wp\/v2\/comments?post=5014"}],"version-history":[{"count":19,"href":"https:\/\/zsezlotow.edu.pl\/index.php\/wp-json\/wp\/v2\/pages\/5014\/revisions"}],"predecessor-version":[{"id":5306,"href":"https:\/\/zsezlotow.edu.pl\/index.php\/wp-json\/wp\/v2\/pages\/5014\/revisions\/5306"}],"wp:attachment":[{"href":"https:\/\/zsezlotow.edu.pl\/index.php\/wp-json\/wp\/v2\/media?parent=5014"}],"curies":[{"name":"wp","href":"https:\/\/api.w.org\/{rel}","templated":true}]}}