{"id":4040,"date":"2021-11-21T18:05:28","date_gmt":"2021-11-21T17:05:28","guid":{"rendered":"https:\/\/zsezlotow.edu.pl\/?page_id=4040"},"modified":"2022-07-10T17:25:57","modified_gmt":"2022-07-10T15:25:57","slug":"europejski-azymut-zawodowy","status":"publish","type":"page","link":"https:\/\/zsezlotow.edu.pl\/index.php\/europejski-azymut-zawodowy\/","title":{"rendered":"Europejski Azymut Zawodowy"},"content":{"rendered":"\n<figure class=\"wp-block-image size-full is-resized\"><img decoding=\"async\" src=\"https:\/\/zsezlotow.edu.pl\/wp-content\/uploads\/2021\/01\/erasmus.jpg\" alt=\"\" class=\"wp-image-2782\" width=\"289\" height=\"66\" srcset=\"https:\/\/zsezlotow.edu.pl\/wp-content\/uploads\/2021\/01\/erasmus.jpg 771w, https:\/\/zsezlotow.edu.pl\/wp-content\/uploads\/2021\/01\/erasmus-300x69.jpg 300w, https:\/\/zsezlotow.edu.pl\/wp-content\/uploads\/2021\/01\/erasmus-768x176.jpg 768w\" sizes=\"(max-width: 289px) 100vw, 289px\" \/><\/figure>\n\n\n\n<p class=\"has-text-align-center has-medium-font-size\"><strong>Europejski Azymut Zawodowy<br>nr projektu 2020-1-PL01-KA116-078420<\/strong><\/p>\n\n\n\n<p class=\"has-medium-font-size\">&nbsp;&nbsp;&nbsp;&nbsp;&nbsp;&nbsp;&nbsp;&nbsp;&nbsp;&nbsp;&nbsp; W grudniu 2020r. pomimo pandemii Covid-19 w Zespole Szk\u00f3\u0142 Ekonomicznych wystartowa\u0142 kolejny projekt dofinansowany z Funduszy Europejskich, o kt\u00f3ry wnioskowali\u015bmy jako organizacja posiadaj\u0105ca Kart\u0119 jako\u015bci mobilno\u015bci w ramach kszta\u0142cenia i szkolenia zawodowego. Dzia\u0142ania projektu realizowanego w ramach ERASMUS+, Kszta\u0142cenie i szkolenia zawodowe; Akcja 1 b\u0119d\u0105 trwa\u0142y dwadzie\u015bcia cztery miesi\u0105ce. Projekt EAZ jest skierowany do uczni\u00f3w technikum w zawodach: technik informatyk, technik programista, technik ekonomista, technik fotografii i multimedi\u00f3w oraz technik reklamy, a tak\u017ce do nauczycieli przedmiot\u00f3w zawodowych.<\/p>\n\n\n\n<p class=\"has-medium-font-size\">&nbsp;&nbsp;&nbsp;&nbsp;&nbsp;&nbsp;&nbsp;&nbsp;&nbsp;&nbsp;&nbsp; G\u0142\u00f3wne cele projektu Europejski Azymut Zawodowy obejmuj\u0105 zdobycie nowych umiej\u0119tno\u015bci i do\u015bwiadcze\u0144 w zakresie kompetencji, kt\u00f3re wzbogac\u0105 do\u015bwiadczenie zawodowe i zostan\u0105 wykorzystane w \u015brodowisku pracy, wyr\u00f3wnanie szans edukacyjnych (wsparcie uczni\u00f3w w niekorzystnej sytuacji), wzmocnienie konkurencyjno\u015bci uczni\u00f3w technikum na rynku pracy, wykorzystanie systemu ECVET (Europejskiego Systemu Akumulowania i Przenoszenia Osi\u0105gni\u0119\u0107 w Kszta\u0142ceniu i Szkoleniu Zawodowym) w ocenie i opisie umiej\u0119tno\u015bci rozpoznawalnych poza granicami, rozw\u00f3j kompetencji kluczowych oraz kszta\u0142towanie tolerancji wobec innych kultur i tradycji europejskich.<\/p>\n\n\n\n<p class=\"has-medium-font-size\">&nbsp;&nbsp;&nbsp;&nbsp;&nbsp;&nbsp;&nbsp;&nbsp;&nbsp;&nbsp;&nbsp; Dofinansowanie projektu z UE to 106 068,00 EUR. Projekt skierowany jest do 34 uczni\u00f3w naszego technikum, kt\u00f3rzy wyjad\u0105 na zagraniczne praktyki zawodowe do Bragi w Portugalii oraz 8 nauczycieli przedmiot\u00f3w zawodowych. Wyjazdy uczni\u00f3w poprzedzone b\u0119d\u0105&nbsp; kursem j\u0119zyka angielskiego online na platformie cyfrowej OLS, zaj\u0119ciami, na kt\u00f3rych przygotuj\u0105 dokumenty aplikacyjne w j\u0119zyku angielskim oraz przygotowaniem pedagogiczno-kulturowym.<\/p>\n\n\n\n<p class=\"has-medium-font-size\">&nbsp;&nbsp;&nbsp;&nbsp;&nbsp;&nbsp;&nbsp;&nbsp;&nbsp;&nbsp;&nbsp; Uczestnicy projektu EAZ b\u0119d\u0105 mogli pog\u0142\u0119bi\u0107 i zdoby\u0107 nowe umiej\u0119tno\u015bci w zakresie kompetencji twardych i mi\u0119kkich. Kompetencje te z pewno\u015bci\u0105 wzbogac\u0105 warsztat pracy uczni\u00f3w, a podpisane z partnerami projektu porozumienia przyczyni\u0105 si\u0119 do zapewnienia wysokiej jako\u015bci programu. Projekt&nbsp; wp\u0142ynie r\u00f3wnie\u017c na doskonalenie komunikacji w j\u0119zykach obcych (g\u0142\u00f3wnie j.angielski) i&nbsp; kszta\u0142towanie \u015bcie\u017cki kariery zawodowej. Udzia\u0142 w projekcie umo\u017cliwi uczestnikom (co obecnie jest bardzo wa\u017cne ) wkroczenie na rynek pracy z szerszym wachlarzem do\u015bwiadczenia zawodowego.<\/p>\n\n\n\n<p class=\"has-medium-font-size\">&nbsp;&nbsp;&nbsp;&nbsp;&nbsp;&nbsp;&nbsp;&nbsp;&nbsp;&nbsp;&nbsp; Istotnym elementem projektu jest r\u00f3wnie\u017c udzia\u0142 nauczycieli przedmiot\u00f3w zawodowych w szkoleniach typu job shadowing, kt\u00f3re pozwol\u0105 na poznanie metod pracy innych nauczycieli i ich sposob\u00f3w oceniania, poznanie warunk\u00f3w realizacji kszta\u0142cenia zawodowego w Irlandii, co wp\u0142ynie na rozw\u00f3j zawodowy uczestnik\u00f3w i wdra\u017canie innowacyjnych rozwi\u0105za\u0144 w praktyce szkolnej. &nbsp;&nbsp;&nbsp;&nbsp;&nbsp;&nbsp;&nbsp;&nbsp;&nbsp;&nbsp;&nbsp; Dzia\u0142ania projektowe rozpoczynamy w dobie pandemii COVID-19, dlatego te\u017c niekt\u00f3re zaj\u0119cia przesuwaj\u0105 si\u0119&nbsp; w czasie, jednak&nbsp; mamy nadziej\u0119, \u017ce wszystkie cele projektu EAZ zostan\u0105 osi\u0105gni\u0119te, a uczestnicy zdob\u0119d\u0105 cenne do\u015bwiadczenie zawodowe i kulturowe.<\/p>\n\n\n\n<p class=\"has-medium-font-size\">Nauczyciele wyje\u017cd\u017caj\u0105cy na szkolenie typu job shadowing<\/p>\n\n\n\n<figure class=\"wp-block-image size-large is-resized\"><img fetchpriority=\"high\" decoding=\"async\" src=\"https:\/\/zsezlotow.edu.pl\/wp-content\/uploads\/2021\/11\/IMG_20210625_100132-1024x766.jpg\" alt=\"\" class=\"wp-image-4045\" width=\"579\" height=\"433\" srcset=\"https:\/\/zsezlotow.edu.pl\/wp-content\/uploads\/2021\/11\/IMG_20210625_100132-1024x766.jpg 1024w, https:\/\/zsezlotow.edu.pl\/wp-content\/uploads\/2021\/11\/IMG_20210625_100132-300x224.jpg 300w, https:\/\/zsezlotow.edu.pl\/wp-content\/uploads\/2021\/11\/IMG_20210625_100132-768x575.jpg 768w, https:\/\/zsezlotow.edu.pl\/wp-content\/uploads\/2021\/11\/IMG_20210625_100132.jpg 1080w\" sizes=\"(max-width: 579px) 100vw, 579px\" \/><\/figure>\n\n\n\n<p class=\"has-medium-font-size\">Projekt EAZ zdj\u0119cia Grupa 1 uczniowie klas 3Ag, 3Bg, 3Cg<\/p>\n\n\n\n<figure class=\"wp-block-gallery has-nested-images columns-default is-cropped wp-block-gallery-1 is-layout-flex wp-block-gallery-is-layout-flex\">\n<figure class=\"wp-block-image size-large\"><img decoding=\"async\" width=\"1024\" height=\"766\" data-id=\"4049\" src=\"https:\/\/zsezlotow.edu.pl\/wp-content\/uploads\/2021\/11\/IMG_20210607_112947-1024x766.jpg\" alt=\"\" class=\"wp-image-4049\" srcset=\"https:\/\/zsezlotow.edu.pl\/wp-content\/uploads\/2021\/11\/IMG_20210607_112947-1024x766.jpg 1024w, https:\/\/zsezlotow.edu.pl\/wp-content\/uploads\/2021\/11\/IMG_20210607_112947-300x224.jpg 300w, https:\/\/zsezlotow.edu.pl\/wp-content\/uploads\/2021\/11\/IMG_20210607_112947-768x575.jpg 768w, https:\/\/zsezlotow.edu.pl\/wp-content\/uploads\/2021\/11\/IMG_20210607_112947.jpg 1080w\" sizes=\"(max-width: 1024px) 100vw, 1024px\" \/><\/figure>\n\n\n\n<figure class=\"wp-block-image size-large\"><img loading=\"lazy\" decoding=\"async\" width=\"1024\" height=\"766\" data-id=\"4050\" src=\"https:\/\/zsezlotow.edu.pl\/wp-content\/uploads\/2021\/11\/IMG_20210607_113259-1024x766.jpg\" alt=\"\" class=\"wp-image-4050\" srcset=\"https:\/\/zsezlotow.edu.pl\/wp-content\/uploads\/2021\/11\/IMG_20210607_113259-1024x766.jpg 1024w, https:\/\/zsezlotow.edu.pl\/wp-content\/uploads\/2021\/11\/IMG_20210607_113259-300x224.jpg 300w, https:\/\/zsezlotow.edu.pl\/wp-content\/uploads\/2021\/11\/IMG_20210607_113259-768x575.jpg 768w, https:\/\/zsezlotow.edu.pl\/wp-content\/uploads\/2021\/11\/IMG_20210607_113259.jpg 1080w\" sizes=\"(max-width: 1024px) 100vw, 1024px\" \/><\/figure>\n\n\n\n<figure class=\"wp-block-image size-large\"><img loading=\"lazy\" decoding=\"async\" width=\"1024\" height=\"766\" data-id=\"4051\" src=\"https:\/\/zsezlotow.edu.pl\/wp-content\/uploads\/2021\/11\/IMG_20210607_113350-1024x766.jpg\" alt=\"\" class=\"wp-image-4051\" srcset=\"https:\/\/zsezlotow.edu.pl\/wp-content\/uploads\/2021\/11\/IMG_20210607_113350-1024x766.jpg 1024w, https:\/\/zsezlotow.edu.pl\/wp-content\/uploads\/2021\/11\/IMG_20210607_113350-300x224.jpg 300w, https:\/\/zsezlotow.edu.pl\/wp-content\/uploads\/2021\/11\/IMG_20210607_113350-768x575.jpg 768w, https:\/\/zsezlotow.edu.pl\/wp-content\/uploads\/2021\/11\/IMG_20210607_113350.jpg 1080w\" sizes=\"(max-width: 1024px) 100vw, 1024px\" \/><\/figure>\n<\/figure>\n\n\n\n<p>Dzia\u0142ania projektowe- szkolenie z wykorzystania platformy OLS do nauki j\u0119zyka angielskiego<\/p>\n\n\n\n<figure class=\"wp-block-gallery has-nested-images columns-2 is-cropped wp-block-gallery-2 is-layout-flex wp-block-gallery-is-layout-flex\">\n<figure class=\"wp-block-image size-large\"><img loading=\"lazy\" decoding=\"async\" width=\"1024\" height=\"766\" data-id=\"4052\" src=\"https:\/\/zsezlotow.edu.pl\/wp-content\/uploads\/2021\/11\/IMG_20210617_101302-1024x766.jpg\" alt=\"\" class=\"wp-image-4052\" srcset=\"https:\/\/zsezlotow.edu.pl\/wp-content\/uploads\/2021\/11\/IMG_20210617_101302-1024x766.jpg 1024w, https:\/\/zsezlotow.edu.pl\/wp-content\/uploads\/2021\/11\/IMG_20210617_101302-300x224.jpg 300w, https:\/\/zsezlotow.edu.pl\/wp-content\/uploads\/2021\/11\/IMG_20210617_101302-768x575.jpg 768w, https:\/\/zsezlotow.edu.pl\/wp-content\/uploads\/2021\/11\/IMG_20210617_101302.jpg 1080w\" sizes=\"(max-width: 1024px) 100vw, 1024px\" \/><\/figure>\n\n\n\n<figure class=\"wp-block-image size-large\"><img loading=\"lazy\" decoding=\"async\" width=\"1024\" height=\"766\" data-id=\"4053\" src=\"https:\/\/zsezlotow.edu.pl\/wp-content\/uploads\/2021\/11\/IMG_20210617_101304-1024x766.jpg\" alt=\"\" class=\"wp-image-4053\" srcset=\"https:\/\/zsezlotow.edu.pl\/wp-content\/uploads\/2021\/11\/IMG_20210617_101304-1024x766.jpg 1024w, https:\/\/zsezlotow.edu.pl\/wp-content\/uploads\/2021\/11\/IMG_20210617_101304-300x224.jpg 300w, https:\/\/zsezlotow.edu.pl\/wp-content\/uploads\/2021\/11\/IMG_20210617_101304-768x575.jpg 768w, https:\/\/zsezlotow.edu.pl\/wp-content\/uploads\/2021\/11\/IMG_20210617_101304.jpg 1080w\" sizes=\"(max-width: 1024px) 100vw, 1024px\" \/><\/figure>\n\n\n\n<figure class=\"wp-block-image size-large\"><img loading=\"lazy\" decoding=\"async\" width=\"1024\" height=\"766\" data-id=\"4054\" src=\"https:\/\/zsezlotow.edu.pl\/wp-content\/uploads\/2021\/11\/IMG_20210617_101319-1024x766.jpg\" alt=\"\" class=\"wp-image-4054\" srcset=\"https:\/\/zsezlotow.edu.pl\/wp-content\/uploads\/2021\/11\/IMG_20210617_101319-1024x766.jpg 1024w, https:\/\/zsezlotow.edu.pl\/wp-content\/uploads\/2021\/11\/IMG_20210617_101319-300x224.jpg 300w, https:\/\/zsezlotow.edu.pl\/wp-content\/uploads\/2021\/11\/IMG_20210617_101319-768x575.jpg 768w, https:\/\/zsezlotow.edu.pl\/wp-content\/uploads\/2021\/11\/IMG_20210617_101319.jpg 1080w\" sizes=\"(max-width: 1024px) 100vw, 1024px\" \/><\/figure>\n\n\n\n<figure class=\"wp-block-image size-large\"><img loading=\"lazy\" decoding=\"async\" width=\"1024\" height=\"766\" data-id=\"4055\" src=\"https:\/\/zsezlotow.edu.pl\/wp-content\/uploads\/2021\/11\/IMG_20210617_101323-1024x766.jpg\" alt=\"\" class=\"wp-image-4055\" srcset=\"https:\/\/zsezlotow.edu.pl\/wp-content\/uploads\/2021\/11\/IMG_20210617_101323-1024x766.jpg 1024w, https:\/\/zsezlotow.edu.pl\/wp-content\/uploads\/2021\/11\/IMG_20210617_101323-300x224.jpg 300w, https:\/\/zsezlotow.edu.pl\/wp-content\/uploads\/2021\/11\/IMG_20210617_101323-768x575.jpg 768w, https:\/\/zsezlotow.edu.pl\/wp-content\/uploads\/2021\/11\/IMG_20210617_101323.jpg 1080w\" sizes=\"(max-width: 1024px) 100vw, 1024px\" \/><\/figure>\n<\/figure>\n\n\n\n<p class=\"has-medium-font-size\"><a href=\"https:\/\/zsezlotow.edu.pl\/wp-content\/uploads\/2022\/07\/Wykaz-miejsc-stazu-zawodowego.pdf\">WYKAZ MIEJSC ODBYWANIA STA\u017bU ZAWODOWEGO<\/a><\/p>\n","protected":false},"excerpt":{"rendered":"<p>Europejski Azymut Zawodowynr projektu 2020-1-PL01-KA116-078420 &nbsp;&nbsp;&nbsp;&nbsp;&nbsp;&nbsp;&nbsp;&nbsp;&nbsp;&nbsp;&nbsp; W grudniu 2020r. pomimo pandemii Covid-19 w Zespole Szk\u00f3\u0142 Ekonomicznych wystartowa\u0142 kolejny projekt dofinansowany z Funduszy Europejskich, o kt\u00f3ry wnioskowali\u015bmy jako organizacja posiadaj\u0105ca Kart\u0119 jako\u015bci mobilno\u015bci w ramach kszta\u0142cenia i szkolenia zawodowego. Dzia\u0142ania projektu realizowanego w ramach ERASMUS+, Kszta\u0142cenie i szkolenia zawodowe; Akcja 1 b\u0119d\u0105 trwa\u0142y dwadzie\u015bcia cztery miesi\u0105ce.&hellip;&nbsp;<a href=\"https:\/\/zsezlotow.edu.pl\/index.php\/europejski-azymut-zawodowy\/\" rel=\"bookmark\">Dowiedz si\u0119 wi\u0119cej &raquo;<span class=\"screen-reader-text\">Europejski Azymut Zawodowy<\/span><\/a><\/p>\n","protected":false},"author":1,"featured_media":0,"parent":0,"menu_order":0,"comment_status":"closed","ping_status":"closed","template":"","meta":{"neve_meta_sidebar":"full-width","neve_meta_container":"","neve_meta_enable_content_width":"on","neve_meta_content_width":100,"neve_meta_title_alignment":"","neve_meta_author_avatar":"","neve_post_elements_order":"","neve_meta_disable_header":"","neve_meta_disable_footer":"","neve_meta_disable_title":"","ngg_post_thumbnail":0,"footnotes":""},"class_list":["post-4040","page","type-page","status-publish","hentry"],"_links":{"self":[{"href":"https:\/\/zsezlotow.edu.pl\/index.php\/wp-json\/wp\/v2\/pages\/4040","targetHints":{"allow":["GET"]}}],"collection":[{"href":"https:\/\/zsezlotow.edu.pl\/index.php\/wp-json\/wp\/v2\/pages"}],"about":[{"href":"https:\/\/zsezlotow.edu.pl\/index.php\/wp-json\/wp\/v2\/types\/page"}],"author":[{"embeddable":true,"href":"https:\/\/zsezlotow.edu.pl\/index.php\/wp-json\/wp\/v2\/users\/1"}],"replies":[{"embeddable":true,"href":"https:\/\/zsezlotow.edu.pl\/index.php\/wp-json\/wp\/v2\/comments?post=4040"}],"version-history":[{"count":5,"href":"https:\/\/zsezlotow.edu.pl\/index.php\/wp-json\/wp\/v2\/pages\/4040\/revisions"}],"predecessor-version":[{"id":4461,"href":"https:\/\/zsezlotow.edu.pl\/index.php\/wp-json\/wp\/v2\/pages\/4040\/revisions\/4461"}],"wp:attachment":[{"href":"https:\/\/zsezlotow.edu.pl\/index.php\/wp-json\/wp\/v2\/media?parent=4040"}],"curies":[{"name":"wp","href":"https:\/\/api.w.org\/{rel}","templated":true}]}}