{"id":373,"date":"2019-05-29T12:06:30","date_gmt":"2019-05-29T10:06:30","guid":{"rendered":"http:\/\/zsezlotow.edu.pl\/?page_id=373"},"modified":"2019-05-29T12:06:31","modified_gmt":"2019-05-29T10:06:31","slug":"czas-zawodowcow-bis","status":"publish","type":"page","link":"https:\/\/zsezlotow.edu.pl\/index.php\/czas-zawodowcow-bis\/","title":{"rendered":"Czas Zawodowc\u00f3w BIS"},"content":{"rendered":"\n<p style=\"font-size:18px\">Nasza szko\u0142a bierze udzia\u0142 w projekcie pt. <strong><em>\u201eCzas zawodowc\u00f3w BIS \u2013 zawodowa Wielkopolska\u201d, <\/em><\/strong>kt\u00f3ry zosta\u0142 uruchomiony <em>w <\/em>ramach\n Wielkopolskiego Regionalnego Programu Operacyjnego 2014+ i b\u0119dzie \nrealizowany do ko\u0144ca 2022 roku przez Samorz\u0105d Wojew\u00f3dztwa \nWielkopolskiego reprezentowany przez Departament Edukacji i Nauki Urz\u0119du\n Marsza\u0142kowskiego Wojew\u00f3dztwa Wielkopolskiego oraz Politechnik\u0119 \nPozna\u0144sk\u0105 we wsp\u00f3\u0142pracy z zainteresowanymi samorz\u0105dami, pracodawcami i \nszko\u0142ami kszta\u0142c\u0105cymi zawodowo z terenu wojew\u00f3dztwa wielkopolskiego. W \nprojekcie b\u0119d\u0105 rozwijane dzia\u0142ania, kt\u00f3re zosta\u0142y zainicjowane w latach \n2012-2015 w projekcie <em>\u201eCzas zawodowc\u00f3w \u2013 wielkopolskie kszta\u0142cenie zawodowe\u201d<\/em>.\n Przyczynkiem do kontynuacji tych dzia\u0142a\u0144 jest sukces poprzedniej \ninicjatywy, wyr\u00f3\u017cnionej przez Ministra Infrastruktury i Rozwoju tytu\u0142em <em>\u201eNajlepsza inwestycja w cz\u0142owieka\u201d <\/em>w ramach konkursu <em>\u201eDobre praktyki EFS 2014\u201d<\/em>. <\/p>\n\n\n\n<p style=\"font-size:18px\">W projekcie przewiduje si\u0119 nast\u0119puj\u0105ce formy wsparcia: <br>&#8211; p\u0142atne sta\u017ce dla uczni\u00f3w, <br>&#8211; zaj\u0119cia  specjalistyczne dla uczni\u00f3w w innowacyjnych technologicznie  laboratoriach realizowane dla 12 zawod\u00f3w: technik informatyk, technik  teleinformatyk, technik mechanik, technik mechatronik, technik elektryk,  technik elektronik, technik ekonomista, technik organizacji reklamy,  technik logistyk, technik spedytor, technik handlowiec, technik  cyfrowych proces\u00f3w graficznych, <br>&#8211; dost\u0119p  do interaktywnych materia\u0142\u00f3w dydaktycznych dla uczni\u00f3w i nauczycieli  przygotowanych w nowoczesnej technologii zamieszczonych na platformie  e-learningowej, <br>&#8211; kursy\/szkolenia zawodowe dla nauczycieli, <br>&#8211; doposa\u017cenie  46 szk\u00f3\u0142 w sprz\u0119t i pomoce dydaktyczne do pracowni kszta\u0142cenia  zawodowego zgodnie ze standardem okre\u015blonym przez MEN w katalogu  wyposa\u017cenia pracowni lub warsztat\u00f3w szkolnych dla 190 zawod\u00f3w  udost\u0119pnionym za po\u015brednictwem strony internetowej www.koweziu.edu.pl, <br>&#8211; doposa\u017cenie  4 plac\u00f3wek kszta\u0142cenia zawodowego, realizuj\u0105cych zadania zbie\u017cne z  zadaniami centrum kszta\u0142cenia zawodowego, praktycznego i ustawicznego, <br>&#8211; dost\u0119p  do narz\u0119dzia u\u0142atwiaj\u0105cego komunikacj\u0119 pomi\u0119dzy uczniami i pracodawcami  oraz umo\u017cliwiaj\u0105cego dopasowanie uczni\u00f3w i absolwent\u00f3w szk\u00f3\u0142 do  konkretnych ofert pracy z wykorzystaniem identyfikacji profili  kompetencyjnych i stanowiskowych, <br>&#8211; patronat Politechniki Pozna\u0144skiej nad wybranymi klasami uczestnicz\u0105cymi w projekcie. <\/p>\n\n\n\n<p style=\"font-size:18px\">Jednostki\n samorz\u0105du terytorialnego, pracodawcy i poszczeg\u00f3lne szko\u0142y \nuczestnicz\u0105cy w projekcie b\u0119d\u0105 mia\u0142y okazj\u0119 wsp\u00f3\u0142tworzy\u0107 rozwijan\u0105 w \nwojew\u00f3dztwie Wielkopolsk\u0105 Sie\u0107 Edukacyjno-Gospodarcz\u0105. Celem tego \nregionalnego przedsi\u0119wzi\u0119cia jest trwa\u0142a odbudowa systemu kszta\u0142cenia \nzawodowego w Wielkopolsce oraz rozszerzanie i umacnianie relacji \npomi\u0119dzy szko\u0142ami i pracodawcami poprzez mi.in. w\u0142\u0105czanie pracodawc\u00f3w w \nproces doradzania uczniom odno\u015bnie kierunk\u00f3w rozwoju zawodowego, \ntrafniejsze dopasowanie ofert sta\u017cy do umiej\u0119tno\u015bci i kompetencji \nuczni\u00f3w przy wykorzystaniu Systemu Zawodowcy czy wsparcie szk\u00f3\u0142 i \npracodawc\u00f3w w procesie komunikacji z lokalnymi instytucjami rynku pracy. <\/p>\n\n\n\n<p style=\"font-size:18px\"><strong>Wi\u0119cej informacji o projekcie mo\u017cna uzyska\u0107 na: <a href=\"http:\/\/zawodowcy.org\" target=\"_blank\" rel=\"noreferrer noopener\">zawodowcy.org<\/a> <\/strong><\/p>\n\n\n\n<p><em>Ca\u0142kowita\n warto\u015b\u0107 projektu wynosi 63 500 000,00 z\u0142, w tym kwota dofinansowania z \nUE (EFS-85%) \u2013 53 975 000,00 z\u0142, \u015brodki bud\u017cetu pa\u0144stwa (5%) \u2013 3 175 \n000,00 z\u0142. Pozosta\u0142a kwota, stanowi\u0105c\u0105 10% warto\u015bci projektu, pochodzi\u0107 \nb\u0119dzie z bud\u017cet\u00f3w jednostek samorz\u0105du terytorialnego bior\u0105cych udzia\u0142 w \nprojekcie.<\/em><\/p>\n\n\n\n<figure class=\"wp-block-image\"><img fetchpriority=\"high\" decoding=\"async\" width=\"1319\" height=\"1823\" src=\"http:\/\/zsezlotow.edu.pl\/wp-content\/uploads\/2019\/05\/patronat2.jpg\" alt=\"\" class=\"wp-image-374\" srcset=\"https:\/\/zsezlotow.edu.pl\/wp-content\/uploads\/2019\/05\/patronat2.jpg 1319w, https:\/\/zsezlotow.edu.pl\/wp-content\/uploads\/2019\/05\/patronat2-217x300.jpg 217w, https:\/\/zsezlotow.edu.pl\/wp-content\/uploads\/2019\/05\/patronat2-768x1061.jpg 768w, https:\/\/zsezlotow.edu.pl\/wp-content\/uploads\/2019\/05\/patronat2-741x1024.jpg 741w\" sizes=\"(max-width: 1319px) 100vw, 1319px\" \/><\/figure>\n","protected":false},"excerpt":{"rendered":"<p>Nasza szko\u0142a bierze udzia\u0142 w projekcie pt. \u201eCzas zawodowc\u00f3w BIS \u2013 zawodowa Wielkopolska\u201d, kt\u00f3ry zosta\u0142 uruchomiony w ramach Wielkopolskiego Regionalnego Programu Operacyjnego 2014+ i b\u0119dzie realizowany do ko\u0144ca 2022 roku przez Samorz\u0105d Wojew\u00f3dztwa Wielkopolskiego reprezentowany przez Departament Edukacji i Nauki Urz\u0119du Marsza\u0142kowskiego Wojew\u00f3dztwa Wielkopolskiego oraz Politechnik\u0119 Pozna\u0144sk\u0105 we wsp\u00f3\u0142pracy z zainteresowanymi samorz\u0105dami, pracodawcami i szko\u0142ami&hellip;&nbsp;<a href=\"https:\/\/zsezlotow.edu.pl\/index.php\/czas-zawodowcow-bis\/\" rel=\"bookmark\">Dowiedz si\u0119 wi\u0119cej &raquo;<span class=\"screen-reader-text\">Czas Zawodowc\u00f3w BIS<\/span><\/a><\/p>\n","protected":false},"author":1,"featured_media":0,"parent":0,"menu_order":0,"comment_status":"closed","ping_status":"closed","template":"","meta":{"neve_meta_sidebar":"","neve_meta_container":"","neve_meta_enable_content_width":"","neve_meta_content_width":0,"neve_meta_title_alignment":"","neve_meta_author_avatar":"","neve_post_elements_order":"","neve_meta_disable_header":"","neve_meta_disable_footer":"","neve_meta_disable_title":"","ngg_post_thumbnail":0,"footnotes":""},"class_list":["post-373","page","type-page","status-publish","hentry"],"_links":{"self":[{"href":"https:\/\/zsezlotow.edu.pl\/index.php\/wp-json\/wp\/v2\/pages\/373","targetHints":{"allow":["GET"]}}],"collection":[{"href":"https:\/\/zsezlotow.edu.pl\/index.php\/wp-json\/wp\/v2\/pages"}],"about":[{"href":"https:\/\/zsezlotow.edu.pl\/index.php\/wp-json\/wp\/v2\/types\/page"}],"author":[{"embeddable":true,"href":"https:\/\/zsezlotow.edu.pl\/index.php\/wp-json\/wp\/v2\/users\/1"}],"replies":[{"embeddable":true,"href":"https:\/\/zsezlotow.edu.pl\/index.php\/wp-json\/wp\/v2\/comments?post=373"}],"version-history":[{"count":1,"href":"https:\/\/zsezlotow.edu.pl\/index.php\/wp-json\/wp\/v2\/pages\/373\/revisions"}],"predecessor-version":[{"id":375,"href":"https:\/\/zsezlotow.edu.pl\/index.php\/wp-json\/wp\/v2\/pages\/373\/revisions\/375"}],"wp:attachment":[{"href":"https:\/\/zsezlotow.edu.pl\/index.php\/wp-json\/wp\/v2\/media?parent=373"}],"curies":[{"name":"wp","href":"https:\/\/api.w.org\/{rel}","templated":true}]}}