{"id":357,"date":"2019-05-29T11:32:18","date_gmt":"2019-05-29T09:32:18","guid":{"rendered":"http:\/\/zsezlotow.edu.pl\/?page_id=357"},"modified":"2025-10-28T12:44:14","modified_gmt":"2025-10-28T11:44:14","slug":"kadra","status":"publish","type":"page","link":"https:\/\/zsezlotow.edu.pl\/index.php\/kadra\/","title":{"rendered":"Kadra"},"content":{"rendered":"\n<p class=\"has-medium-font-size\">Nauczyciele ucz\u0105cy w Zespole Szk\u00f3\u0142 Ekonomicznych im. Jana Paw\u0142a II w Z\u0142otowie w roku szkolnym 2025\/2026<\/p>\n\n\n\n<figure class=\"wp-block-table is-style-stripes has-small-font-size\"><table><thead><tr><th>L.p.<\/th><th>Nazwisko i imi\u0119<\/th><th>Nauczany przedmiot\/zaw\u00f3d<\/th><\/tr><\/thead><tbody><tr><td>1.<\/td><td>Sk\u00f3rcz Marek \u2013 dyrektor szko\u0142y<\/td><td>Dyrektor szko\u0142y, nauczyciel przedmiot\u00f3w ekonomicznych<\/td><\/tr><tr><td>2.<\/td><td>\u0141utczyk-Peza\u0142a Anna \u2013 wicedyrektor<\/td><td>Wicedyrektor szko\u0142y, nauczyciel WOS-u, historii<\/td><\/tr><tr><td>3.<\/td><td>Beker Katarzyna<\/td><td>Nauczyciel j\u0119zyka angielskiego<\/td><\/tr><tr><td>4.<\/td><td>Bia\u0142kowski Jaros\u0142aw<\/td><td>Nauczyciel wychowania fizycznego, edukacji dla bezpiecze\u0144stwa<\/td><\/tr><tr><td>5.<\/td><td>Bibik Oleksandra<\/td><td>Pedagog specjalny<\/td><\/tr><tr><td>6.<\/td><td>Coch\u00f3r Monika<\/td><td>Nauczyciel j\u0119zyka niemieckiego<\/td><\/tr><tr><td>7.<\/td><td>Dubicka Ewa<\/td><td>Nauczyciel przedmiot\u00f3w ekonomicznych<\/td><\/tr><tr><td>8.<\/td><td>Dyba Monika<\/td><td>Nauczyciel prowadz\u0105cy zaj\u0119cia rewalidacyjne<\/td><\/tr><tr><td>9.<\/td><td>Dywel Anna<\/td><td>Nauczyciel j\u0119zyka polskiego<\/td><\/tr><tr><td>10.<\/td><td>Filipek Katarzyna<\/td><td>Nauczyciel przedmiot\u00f3w zawodowych w zawodzie fotografia i multimedia, oraz reklamy<\/td><\/tr><tr><td>11.<\/td><td>Filipska Aleksandra<\/td><td>Nauczyciel geografii<\/td><\/tr><tr><td>12.<\/td><td>Ga\u0144ska Lucyna<\/td><td>Nauczyciel religii, HiT, pedagog specjalny<\/td><\/tr><tr><td>13.<\/td><td>Go\u0142awska Maria<\/td><td>Bibliotekarz<\/td><\/tr><tr><td>14.<\/td><td>Gorczy\u0144ska Magdalena<\/td><td>Nauczyciel chemii, biologii<\/td><\/tr><tr><td>15.<\/td><td>Graj-\u015aliga Anna<\/td><td>Nauczyciel j\u0119zyka angielskiego<\/td><\/tr><tr><td>16.<\/td><td>Grygiel Magdalena<\/td><td>Nauczyciel przedmiot\u00f3w ekonomicznych i WOS-u<\/td><\/tr><tr><td>17.<\/td><td>Heimann Alicja<\/td><td>Nauczyciel j\u0119zyka niemieckiego<\/td><\/tr><tr><td>18.<\/td><td>Herman Stanis\u0142aw<\/td><td>Nauczyciel wychowania fizycznego<\/td><\/tr><tr><td>19.<\/td><td>Januszkiewicz Krystyna<\/td><td>Nauczyciel j\u0119zyka polskiego<\/td><\/tr><tr><td>20.<\/td><td>Jaworski Ryszard<\/td><td>Nauczyciel matematyki i chemii<\/td><\/tr><tr><td>21.<\/td><td>Jejer-Kokowska El\u017cbieta<\/td><td>Nauczyciel j\u0119zyka angielskiego<\/td><\/tr><tr><td>22.<\/td><td>J\u0119drzejczyk Ilona<\/td><td>Nauczyciel geografii oraz przedmiot\u00f3w ekonomicznych i reklamy<\/td><\/tr><tr><td>23.<\/td><td>Kaczmarek Jacek<\/td><td>Nauczyciel historii i WOS-u<\/td><\/tr><tr><td>24.<\/td><td>Klimek Anita<\/td><td>Nauczyciel j\u0119zyka polskiego<\/td><\/tr><tr><td>25.<\/td><td>Klimek Halina<\/td><td>Nauczyciel przedmiot\u00f3w ekonomicznych<\/td><\/tr><tr><td>26.<\/td><td>Kotwicka Natalia<\/td><td>Nauczyciel przedmiot\u00f3w w zawodzie reklamy<\/td><\/tr><tr><td>27.<\/td><td>Kowalewska Ewelina<\/td><td>Nauczyciel przedmiot\u00f3w w zawodzie technik organizacji reklamy oraz fotografia i multimedia<\/td><\/tr><tr><td>28.<\/td><td>Krupka Arkadiusz<\/td><td>Nauczyciel przedmiot\u00f3w informatycznych<\/td><\/tr><tr><td>29.<\/td><td>Kubicka Jolanta<\/td><td>Nauczyciel matematyki<\/td><\/tr><tr><td>30.<\/td><td>Lipi\u0144ska Ma\u0142gorzata<\/td><td>Nauczyciel przedmiot\u00f3w w zawodzie technik fotografii i multimedi\u00f3w<\/td><\/tr><tr><td>31.<\/td><td>Ks. Lipi\u0144ski Dariusz<\/td><td>Nauczyciel religii<\/td><\/tr><tr><td>32.<\/td><td>\u0141yjak Marcin<\/td><td>Nauczyciel wychowania fizycznego i informatyki<\/td><\/tr><tr><td>33.<\/td><td>Majewska Ewelina<\/td><td>Nauczyciel j\u0119zyka hiszpa\u0144skiego<\/td><\/tr><tr><td>34.<\/td><td>Malicka Joanna<\/td><td>Nauczyciel biologii<\/td><\/tr><tr><td>35.<\/td><td>Ma\u0142olepszy Kamil<\/td><td>Nauczyciel przedmiot\u00f3w informatycznych<\/td><\/tr><tr><td>36.<\/td><td>Marsza\u0142ek Rados\u0142aw<\/td><td>Nauczyciel przedmiot\u00f3w zawodowych w zawodzie fotografia i multimedia<\/td><\/tr><tr><td>37.<\/td><td>Matczyszyn Gabriela<\/td><td>Nauczyciel j\u0119zyka polskiego<\/td><\/tr><tr><td>38.<\/td><td>Milczy\u0144ska Magdalena<\/td><td>Nauczyciel j\u0119zyka angielskiego<\/td><\/tr><tr><td>39.<\/td><td>Moczarski Rafa\u0142<\/td><td>Nauczyciel przedmiot\u00f3w informatycznych<\/td><\/tr><tr><td>40.<\/td><td>Nawrocki Dariusz<\/td><td>Nauczyciel fizyki, przedmiot\u00f3w informatycznych<\/td><\/tr><tr><td>41.<\/td><td>Pietraszek Alicja<\/td><td>Nauczyciel przedmiot\u00f3w informatycznych<\/td><\/tr><tr><td>42.<\/td><td>Plutowska Gra\u017cyna<\/td><td>Pedagog szkolny, bibliotekarz<\/td><\/tr><tr><td>43.<\/td><td>Przybylska Anna<\/td><td>Nauczyciel wychowania fizycznego<\/td><\/tr><tr><td>44.<\/td><td>Sawa Tomasz<\/td><td>Nauczyciel przedmiot\u00f3w informatycznych<\/td><\/tr><tr><td>45.<\/td><td>Sawicka Dorota<\/td><td>Nauczyciel matematyki<\/td><\/tr><tr><td>46.<\/td><td>Sielicka Miros\u0142awa<\/td><td>Nauczyciel przedmiot\u00f3w informatycznych<\/td><\/tr><tr><td>47.<\/td><td>Skiera Joanna<\/td><td>Nauczyciel biologii, edukacja zdrowotna<\/td><\/tr><tr><td>48.<\/td><td>Sowa Justyna<\/td><td>Nauczyciel j\u0119zyka angielskiego<\/td><\/tr><tr><td>49.<\/td><td>Szyma\u0144ska Magdalena<\/td><td>Psycholog szkolny<\/td><\/tr><tr><td>50.<\/td><td>Szyszka Katarzyna<\/td><td>Nauczyciel prowadz\u0105cy zaj\u0119cia rewalidacyjne<\/td><\/tr><tr><td>51.<\/td><td>Tabor Blanka<\/td><td>Nauczyciel j\u0119zyka niemieckiego<\/td><\/tr><tr><td>52.<\/td><td>Tojza Anna<\/td><td>Nauczyciel geografii<\/td><\/tr><tr><td>53.<\/td><td>Trzemecki Tomasz<\/td><td>Nauczyciel matematyki<\/td><\/tr><tr><td>54.<\/td><td>Wasielewska Urszula<\/td><td>Nauczyciel matematyki<\/td><\/tr><tr><td>55.<\/td><td>Wi\u015bniewska-Ryczkowska Monika<\/td><td>Pedagog<\/td><\/tr><tr><td>56.<\/td><td>Zabel Justyna<\/td><td>Nauczyciel przedmiot\u00f3w ekonomicznych<\/td><\/tr><tr><td>57.<\/td><td>Zych Bernadeta<\/td><td>Nauczyciel j\u0119zyka polskiego<\/td><\/tr><\/tbody><\/table><\/figure>\n","protected":false},"excerpt":{"rendered":"<p>Nauczyciele ucz\u0105cy w Zespole Szk\u00f3\u0142 Ekonomicznych im. Jana Paw\u0142a II w Z\u0142otowie w roku szkolnym 2025\/2026 L.p. Nazwisko i imi\u0119 Nauczany przedmiot\/zaw\u00f3d 1. Sk\u00f3rcz Marek \u2013 dyrektor szko\u0142y Dyrektor szko\u0142y, nauczyciel przedmiot\u00f3w ekonomicznych 2. \u0141utczyk-Peza\u0142a Anna \u2013 wicedyrektor Wicedyrektor szko\u0142y, nauczyciel WOS-u, historii 3. Beker Katarzyna Nauczyciel j\u0119zyka angielskiego 4. Bia\u0142kowski Jaros\u0142aw Nauczyciel wychowania fizycznego,&hellip;&nbsp;<a href=\"https:\/\/zsezlotow.edu.pl\/index.php\/kadra\/\" rel=\"bookmark\">Dowiedz si\u0119 wi\u0119cej &raquo;<span class=\"screen-reader-text\">Kadra<\/span><\/a><\/p>\n","protected":false},"author":1,"featured_media":0,"parent":0,"menu_order":0,"comment_status":"closed","ping_status":"closed","template":"","meta":{"neve_meta_sidebar":"","neve_meta_container":"","neve_meta_enable_content_width":"","neve_meta_content_width":0,"neve_meta_title_alignment":"","neve_meta_author_avatar":"","neve_post_elements_order":"","neve_meta_disable_header":"","neve_meta_disable_footer":"","neve_meta_disable_title":"","ngg_post_thumbnail":0,"footnotes":""},"class_list":["post-357","page","type-page","status-publish","hentry"],"_links":{"self":[{"href":"https:\/\/zsezlotow.edu.pl\/index.php\/wp-json\/wp\/v2\/pages\/357","targetHints":{"allow":["GET"]}}],"collection":[{"href":"https:\/\/zsezlotow.edu.pl\/index.php\/wp-json\/wp\/v2\/pages"}],"about":[{"href":"https:\/\/zsezlotow.edu.pl\/index.php\/wp-json\/wp\/v2\/types\/page"}],"author":[{"embeddable":true,"href":"https:\/\/zsezlotow.edu.pl\/index.php\/wp-json\/wp\/v2\/users\/1"}],"replies":[{"embeddable":true,"href":"https:\/\/zsezlotow.edu.pl\/index.php\/wp-json\/wp\/v2\/comments?post=357"}],"version-history":[{"count":18,"href":"https:\/\/zsezlotow.edu.pl\/index.php\/wp-json\/wp\/v2\/pages\/357\/revisions"}],"predecessor-version":[{"id":7043,"href":"https:\/\/zsezlotow.edu.pl\/index.php\/wp-json\/wp\/v2\/pages\/357\/revisions\/7043"}],"wp:attachment":[{"href":"https:\/\/zsezlotow.edu.pl\/index.php\/wp-json\/wp\/v2\/media?parent=357"}],"curies":[{"name":"wp","href":"https:\/\/api.w.org\/{rel}","templated":true}]}}