{"id":2270,"date":"2021-01-28T09:59:01","date_gmt":"2021-01-28T08:59:01","guid":{"rendered":"https:\/\/zsezlotow.edu.pl\/?page_id=2270"},"modified":"2021-01-28T10:26:34","modified_gmt":"2021-01-28T09:26:34","slug":"comenius-gyg","status":"publish","type":"page","link":"https:\/\/zsezlotow.edu.pl\/index.php\/comenius-gyg\/","title":{"rendered":"Comenius GYG"},"content":{"rendered":"\n<figure class=\"wp-block-image size-large\"><img fetchpriority=\"high\" decoding=\"async\" width=\"1000\" height=\"182\" src=\"https:\/\/zsezlotow.edu.pl\/wp-content\/uploads\/2021\/01\/comenius.jpg\" alt=\"\" class=\"wp-image-2778\" srcset=\"https:\/\/zsezlotow.edu.pl\/wp-content\/uploads\/2021\/01\/comenius.jpg 1000w, https:\/\/zsezlotow.edu.pl\/wp-content\/uploads\/2021\/01\/comenius-300x55.jpg 300w, https:\/\/zsezlotow.edu.pl\/wp-content\/uploads\/2021\/01\/comenius-768x140.jpg 768w\" sizes=\"(max-width: 1000px) 100vw, 1000px\" \/><\/figure>\n\n\n\n<p class=\"has-medium-font-size\">We wrze\u015bniu 2013r. w ZSE im. Jana Paw\u0142a II w Z\u0142otowie rozpocz\u0119to realizacj\u0119 projektu pt. \u201eThe Ultimate Guide for Young European Guides\u201d, na kt\u00f3ry pozyskano \u015brodki finansowe z Unii Europejskiej w ramach programu \u201eUczenie si\u0119 przez ca\u0142e \u017cycie\u201d. Projekt realizowany w latach 2013\/2014, 2014\/2015, opiera si\u0119 na wsp\u00f3\u0142pracy naszej szko\u0142y z partnerami z Belgii (Edegem), Portugalii (Fundao), Niemiec (Nurnberg) i Estonii (Kehra) i skierowany jest do wszystkich uczni\u00f3w Zespo\u0142u Szk\u00f3\u0142 Ekonomicznych im. Jana Paw\u0142a II w Z\u0142otowie zainteresowanych rozwijaniem swoich pasji i zainteresowa\u0144, poszerzaniem kompetencji j\u0119zykowych w zakresie j\u0119zyka angielskiego oraz nawi\u0105zaniem wsp\u00f3\u0142pracy z r\u00f3wie\u015bnikami z innych kraj\u00f3w europejskich. Celem projektu jest poznanie kultury i tradycji pa\u0144stw partnerskich, poznanie procedur prowadzenia dzia\u0142alno\u015bci gospodarczej w partnerskich krajach, a tak\u017ce promocja naszego regionu w Europie poprzez opracowanie cyfrowego przewodnika po Z\u0142otowie, ukazuj\u0105cego walory przyrodnicze miasta i okolic, przedstawiaj\u0105cego histori\u0119 i tradycje oraz legendy i ba\u015bnie zwi\u0105zane z tym miejscem. Ko\u0144cowym efektem projektu b\u0119dzie utworzenie wsp\u00f3lnego dla wszystkich partner\u00f3w przewodnika po regionach pa\u0144stw wsp\u00f3\u0142pracuj\u0105cych w projekcie. Koordynatorem projektu jest pani El\u017cbieta Jejer-Kokowska, a w sk\u0142ad zespo\u0142u projektowego wchodz\u0105: pani Krystyna Januszkiewicz, pani Joanna Maniak, pan Marek Cho\u0142odowski, pan Tomasz Sawa oraz pan dyrektor Marek Sk\u00f3rcz.<\/p>\n\n\n\n<p class=\"has-medium-font-size\"><a href=\"https:\/\/zsezlotow.edu.pl\/index.php\/2021\/01\/28\/ekonom-w-portugalii\/\">Ekonom w Portugalii<\/a><\/p>\n\n\n\n<p class=\"has-medium-font-size\"><a href=\"https:\/\/zsezlotow.edu.pl\/index.php\/2021\/01\/28\/klasowy-konkurs-o-belgii\/\">Klasowy konkurs o Belgii<\/a><\/p>\n\n\n\n<p class=\"has-medium-font-size\"><a href=\"https:\/\/zsezlotow.edu.pl\/index.php\/2021\/01\/28\/wspaniale-przezycie\/\">Wspania\u0142e prze\u017cycia z Belgii<\/a><\/p>\n\n\n\n<p class=\"has-medium-font-size\"><a href=\"https:\/\/zsezlotow.edu.pl\/index.php\/2021\/01\/28\/comenius-trzecia-wizyta-w-szkole-partnerskiej\/\">Trzecia wizyta w szkole partnerskiej<\/a><\/p>\n\n\n\n<p class=\"has-medium-font-size\"><a href=\"https:\/\/zsezlotow.edu.pl\/index.php\/2021\/01\/28\/z-comeniusem-do-estonii\/\">Z Comeniusem do Estonii<\/a><\/p>\n\n\n\n<p class=\"has-medium-font-size\"><a href=\"https:\/\/zsezlotow.edu.pl\/index.php\/2021\/01\/28\/wizyta-podsumowujaca\/\">Wizyta podsumowuj\u0105ca w Polsce<\/a><\/p>\n","protected":false},"excerpt":{"rendered":"<p>We wrze\u015bniu 2013r. w ZSE im. Jana Paw\u0142a II w Z\u0142otowie rozpocz\u0119to realizacj\u0119 projektu pt. \u201eThe Ultimate Guide for Young European Guides\u201d, na kt\u00f3ry pozyskano \u015brodki finansowe z Unii Europejskiej w ramach programu \u201eUczenie si\u0119 przez ca\u0142e \u017cycie\u201d. Projekt realizowany w latach 2013\/2014, 2014\/2015, opiera si\u0119 na wsp\u00f3\u0142pracy naszej szko\u0142y z partnerami z Belgii (Edegem),&hellip;&nbsp;<a href=\"https:\/\/zsezlotow.edu.pl\/index.php\/comenius-gyg\/\" rel=\"bookmark\">Dowiedz si\u0119 wi\u0119cej &raquo;<span class=\"screen-reader-text\">Comenius GYG<\/span><\/a><\/p>\n","protected":false},"author":1,"featured_media":0,"parent":0,"menu_order":0,"comment_status":"closed","ping_status":"closed","template":"","meta":{"neve_meta_sidebar":"","neve_meta_container":"","neve_meta_enable_content_width":"","neve_meta_content_width":0,"neve_meta_title_alignment":"","neve_meta_author_avatar":"","neve_post_elements_order":"","neve_meta_disable_header":"","neve_meta_disable_footer":"","neve_meta_disable_title":"","ngg_post_thumbnail":0,"footnotes":""},"class_list":["post-2270","page","type-page","status-publish","hentry"],"_links":{"self":[{"href":"https:\/\/zsezlotow.edu.pl\/index.php\/wp-json\/wp\/v2\/pages\/2270","targetHints":{"allow":["GET"]}}],"collection":[{"href":"https:\/\/zsezlotow.edu.pl\/index.php\/wp-json\/wp\/v2\/pages"}],"about":[{"href":"https:\/\/zsezlotow.edu.pl\/index.php\/wp-json\/wp\/v2\/types\/page"}],"author":[{"embeddable":true,"href":"https:\/\/zsezlotow.edu.pl\/index.php\/wp-json\/wp\/v2\/users\/1"}],"replies":[{"embeddable":true,"href":"https:\/\/zsezlotow.edu.pl\/index.php\/wp-json\/wp\/v2\/comments?post=2270"}],"version-history":[{"count":2,"href":"https:\/\/zsezlotow.edu.pl\/index.php\/wp-json\/wp\/v2\/pages\/2270\/revisions"}],"predecessor-version":[{"id":2779,"href":"https:\/\/zsezlotow.edu.pl\/index.php\/wp-json\/wp\/v2\/pages\/2270\/revisions\/2779"}],"wp:attachment":[{"href":"https:\/\/zsezlotow.edu.pl\/index.php\/wp-json\/wp\/v2\/media?parent=2270"}],"curies":[{"name":"wp","href":"https:\/\/api.w.org\/{rel}","templated":true}]}}