{"id":2240,"date":"2021-01-28T09:27:45","date_gmt":"2021-01-28T08:27:45","guid":{"rendered":"https:\/\/zsezlotow.edu.pl\/?page_id=2240"},"modified":"2021-01-28T09:39:09","modified_gmt":"2021-01-28T08:39:09","slug":"europejska-perspektywa-zawodowa","status":"publish","type":"page","link":"https:\/\/zsezlotow.edu.pl\/index.php\/europejska-perspektywa-zawodowa\/","title":{"rendered":"Europejska Perspektywa Zawodowa"},"content":{"rendered":"\n<p><\/p>\n\n\n\n<figure class=\"wp-block-image size-large\"><img fetchpriority=\"high\" decoding=\"async\" width=\"1024\" height=\"105\" src=\"https:\/\/zsezlotow.edu.pl\/wp-content\/uploads\/2021\/01\/epz-1024x105.jpg\" alt=\"\" class=\"wp-image-2241\" srcset=\"https:\/\/zsezlotow.edu.pl\/wp-content\/uploads\/2021\/01\/epz-1024x105.jpg 1024w, https:\/\/zsezlotow.edu.pl\/wp-content\/uploads\/2021\/01\/epz-300x31.jpg 300w, https:\/\/zsezlotow.edu.pl\/wp-content\/uploads\/2021\/01\/epz-768x79.jpg 768w, https:\/\/zsezlotow.edu.pl\/wp-content\/uploads\/2021\/01\/epz-1536x158.jpg 1536w, https:\/\/zsezlotow.edu.pl\/wp-content\/uploads\/2021\/01\/epz-2048x211.jpg 2048w\" sizes=\"(max-width: 1024px) 100vw, 1024px\" \/><\/figure>\n\n\n\n<p class=\"has-medium-font-size\">Uczniowie Zespo\u0142u Szk\u00f3\u0142 Ekonomicznych im. Jana Paw\u0142a II w Z\u0142otowie rozpocz\u0119li realizacj\u0119 projektu \u201eEuropejska Perspektywa Zawodowa\u201d w ramach programu LENARDO DA VINCI, na kt\u00f3ry szko\u0142a pozyska\u0142a \u015brodki finansowe z Unii Europejskiej.<br>Od wrze\u015bnia 2013 roku 17 uczni\u00f3w (8 ekonomist\u00f3w i 9 informatyk\u00f3w) wy\u0142onionych w drodze rekrutacji rozpocz\u0119\u0142o przygotowania do wyjazdu na miesi\u0119czn\u0105 praktyk\u0119 zawodow\u0105, kt\u00f3ra odb\u0119dzie si\u0119 w przedsi\u0119biorstwach Irlandii. Uczestnicy projektu bior\u0105 udzia\u0142 w dodatkowych zaj\u0119ciach z j\u0119zyka angielskiego zawodowego, jak r\u00f3wnie\u017c przygotowania zawodowego i kulturowego.<br>W celu uatrakcyjnienia zaj\u0119\u0107 w pi\u0105tek 25.10.2013 uczestnicy oraz opiekunowie projektu \u201eEuropejska Perspektywa Zawodowa\u201d wyjechali do Fundacji Kultury Irlandzkiej w Poznaniu, gdzie spotkali si\u0119 z pani\u0105 Justyn\u0105 Schramm \u2013 przedstawicielk\u0105 Fundacji od kilkunastu lat wsp\u00f3\u0142pracuj\u0105c\u0105 z firmami irlandzkimi w bran\u017cy turystycznej, a z zami\u0142owania propaguj\u0105c\u0105 kultur\u0119 irlandzk\u0105 w Polsce. Przygotowana przez ni\u0105 pogadanka obejmowa\u0142a zwyczaje, tradycje, informacje o \u017cyciu codziennym w Irlandii, si\u0119ga\u0142a r\u00f3wnie\u017c historii tego kraju oraz bie\u017c\u0105cej sytuacji spo\u0142eczno\u2013politycznej. Wyk\u0142ad urozmaicony by\u0142 przepi\u0119knymi zdj\u0119ciami, ukazuj\u0105cymi krajobrazy, przyrod\u0119 i zabytki Irlandii, jak r\u00f3wnie\u017c filmem przedstawiaj\u0105cym tradycyjny taniec irlandzki, muzyk\u0119 oraz typowe dla Irlandii dyscypliny sportu. Uczestnicy mieli wiele pyta\u0144 dotycz\u0105cych pobytu, na kt\u00f3re otrzymali wyczerpuj\u0105ce odpowiedzi. Spotkanie z przedstawicielk\u0105 Fundacji odby\u0142o si\u0119 w bardzo mi\u0142ej atmosferze, a pani Justyna zaoferowa\u0142a swoj\u0105 pomoc w przysz\u0142o\u015bci, zapewniaj\u0105c, \u017ce wszyscy b\u0119d\u0105 zadowoleni z praktyki i z pewno\u015bci\u0105 tak jak ona zakochaj\u0105 si\u0119 w Irlandii.<\/p>\n\n\n\n<p class=\"has-medium-font-size\"><a href=\"https:\/\/zsezlotow.edu.pl\/index.php\/2021\/01\/28\/ekonom-na-zielonej-wyspie\/\">Ekonom na Zielonej Wyspie<\/a><\/p>\n\n\n\n<p class=\"has-medium-font-size\"><a href=\"https:\/\/zsezlotow.edu.pl\/index.php\/2021\/01\/28\/zielono-nam\/\">Zielono Nam<\/a><\/p>\n\n\n\n<p class=\"has-medium-font-size\"><a href=\"https:\/\/zsezlotow.edu.pl\/index.php\/2021\/01\/28\/a-w-irlandii-czas-szybko-plynie\/\">A w Irlandii czas szybko p\u0142ynie \u2026<\/a><\/p>\n\n\n\n<p class=\"has-medium-font-size\"><a href=\"https:\/\/zsezlotow.edu.pl\/index.php\/2021\/01\/28\/irlandia-w-ekonomie\/\">Irlandia w Ekonomie<\/a><\/p>\n\n\n\n<p class=\"has-medium-font-size\"><a href=\"https:\/\/zsezlotow.edu.pl\/index.php\/2021\/01\/28\/ekonom-znowu-w-irlandii\/\">Ekonom znowu w Irlandii<\/a><\/p>\n\n\n\n<p class=\"has-medium-font-size\"><a href=\"https:\/\/zsezlotow.edu.pl\/index.php\/2021\/01\/28\/zagraniczne-praktyki-zawodowe-ekonoma\/\">Zagraniczne praktyki zawodowe Ekonoma<\/a><\/p>\n","protected":false},"excerpt":{"rendered":"<p>Uczniowie Zespo\u0142u Szk\u00f3\u0142 Ekonomicznych im. Jana Paw\u0142a II w Z\u0142otowie rozpocz\u0119li realizacj\u0119 projektu \u201eEuropejska Perspektywa Zawodowa\u201d w ramach programu LENARDO DA VINCI, na kt\u00f3ry szko\u0142a pozyska\u0142a \u015brodki finansowe z Unii Europejskiej.Od wrze\u015bnia 2013 roku 17 uczni\u00f3w (8 ekonomist\u00f3w i 9 informatyk\u00f3w) wy\u0142onionych w drodze rekrutacji rozpocz\u0119\u0142o przygotowania do wyjazdu na miesi\u0119czn\u0105 praktyk\u0119 zawodow\u0105, kt\u00f3ra odb\u0119dzie&hellip;&nbsp;<a href=\"https:\/\/zsezlotow.edu.pl\/index.php\/europejska-perspektywa-zawodowa\/\" rel=\"bookmark\">Dowiedz si\u0119 wi\u0119cej &raquo;<span class=\"screen-reader-text\">Europejska Perspektywa Zawodowa<\/span><\/a><\/p>\n","protected":false},"author":1,"featured_media":0,"parent":0,"menu_order":0,"comment_status":"closed","ping_status":"closed","template":"","meta":{"neve_meta_sidebar":"","neve_meta_container":"","neve_meta_enable_content_width":"","neve_meta_content_width":0,"neve_meta_title_alignment":"","neve_meta_author_avatar":"","neve_post_elements_order":"","neve_meta_disable_header":"","neve_meta_disable_footer":"","neve_meta_disable_title":"","ngg_post_thumbnail":0,"footnotes":""},"class_list":["post-2240","page","type-page","status-publish","hentry"],"_links":{"self":[{"href":"https:\/\/zsezlotow.edu.pl\/index.php\/wp-json\/wp\/v2\/pages\/2240","targetHints":{"allow":["GET"]}}],"collection":[{"href":"https:\/\/zsezlotow.edu.pl\/index.php\/wp-json\/wp\/v2\/pages"}],"about":[{"href":"https:\/\/zsezlotow.edu.pl\/index.php\/wp-json\/wp\/v2\/types\/page"}],"author":[{"embeddable":true,"href":"https:\/\/zsezlotow.edu.pl\/index.php\/wp-json\/wp\/v2\/users\/1"}],"replies":[{"embeddable":true,"href":"https:\/\/zsezlotow.edu.pl\/index.php\/wp-json\/wp\/v2\/comments?post=2240"}],"version-history":[{"count":2,"href":"https:\/\/zsezlotow.edu.pl\/index.php\/wp-json\/wp\/v2\/pages\/2240\/revisions"}],"predecessor-version":[{"id":2269,"href":"https:\/\/zsezlotow.edu.pl\/index.php\/wp-json\/wp\/v2\/pages\/2240\/revisions\/2269"}],"wp:attachment":[{"href":"https:\/\/zsezlotow.edu.pl\/index.php\/wp-json\/wp\/v2\/media?parent=2240"}],"curies":[{"name":"wp","href":"https:\/\/api.w.org\/{rel}","templated":true}]}}