{"id":1722,"date":"2020-06-02T11:54:27","date_gmt":"2020-06-02T09:54:27","guid":{"rendered":"https:\/\/zsezlotow.edu.pl\/?page_id=1722"},"modified":"2026-05-08T13:20:48","modified_gmt":"2026-05-08T11:20:48","slug":"czynnosci-rekrutacyjne-dla-kandydatow","status":"publish","type":"page","link":"https:\/\/zsezlotow.edu.pl\/index.php\/czynnosci-rekrutacyjne-dla-kandydatow\/","title":{"rendered":"Etapy rekrutacji kandydat\u00f3w"},"content":{"rendered":"\t\t<div data-elementor-type=\"wp-page\" data-elementor-id=\"1722\" class=\"elementor elementor-1722\">\n\t\t\t\t\t\t<section class=\"elementor-section elementor-top-section elementor-element elementor-element-24a7fe1f elementor-section-boxed elementor-section-height-default elementor-section-height-default\" data-id=\"24a7fe1f\" data-element_type=\"section\" data-e-type=\"section\">\n\t\t\t\t\t\t<div class=\"elementor-container elementor-column-gap-default\">\n\t\t\t\t\t<div class=\"elementor-column elementor-col-100 elementor-top-column elementor-element elementor-element-1b646343\" data-id=\"1b646343\" data-element_type=\"column\" data-e-type=\"column\">\n\t\t\t<div class=\"elementor-widget-wrap elementor-element-populated\">\n\t\t\t\t\t\t<div class=\"elementor-element elementor-element-6b9db358 elementor-widget elementor-widget-text-editor\" data-id=\"6b9db358\" data-element_type=\"widget\" data-e-type=\"widget\" data-widget_type=\"text-editor.default\">\n\t\t\t\t<div class=\"elementor-widget-container\">\n\t\t\t\t\t\t\t\t\t\n<p style=\"font-size: 24px;\">Formularz rekrutacyjny: <a href=\"https:\/\/nabor.pcss.pl\/powiatzlotowski\/szkolaponadpodstawowa\/Info\/64310\">II Liceum Og\u00f3lnokszta\u0142c\u0105ce<\/a> lub <a href=\"https:\/\/nabor.pcss.pl\/powiatzlotowski\/szkolaponadpodstawowa\/Info\/101309\">Technikum nr 2<\/a><\/p>\n\n\n\n\n\n<p>&nbsp;<\/p>\n\t\t\t\t\t\t\t\t<\/div>\n\t\t\t\t<\/div>\n\t\t\t\t\t<\/div>\n\t\t<\/div>\n\t\t\t\t\t<\/div>\n\t\t<\/section>\n\t\t\t\t<section class=\"elementor-section elementor-top-section elementor-element elementor-element-6b32e91 elementor-section-boxed elementor-section-height-default elementor-section-height-default\" data-id=\"6b32e91\" data-element_type=\"section\" data-e-type=\"section\">\n\t\t\t\t\t\t<div class=\"elementor-container elementor-column-gap-default\">\n\t\t\t\t\t<div class=\"elementor-column elementor-col-100 elementor-top-column elementor-element elementor-element-2e48fdc\" data-id=\"2e48fdc\" data-element_type=\"column\" data-e-type=\"column\">\n\t\t\t<div class=\"elementor-widget-wrap elementor-element-populated\">\n\t\t\t\t\t\t<div class=\"elementor-element elementor-element-366ad2e elementor-view-framed elementor-shape-square animated-slow elementor-position-block-start elementor-mobile-position-block-start elementor-invisible elementor-widget elementor-widget-icon-box\" data-id=\"366ad2e\" data-element_type=\"widget\" data-e-type=\"widget\" data-settings=\"{&quot;_animation&quot;:&quot;fadeInLeft&quot;}\" data-widget_type=\"icon-box.default\">\n\t\t\t\t<div class=\"elementor-widget-container\">\n\t\t\t\t\t\t\t<div class=\"elementor-icon-box-wrapper\">\n\n\t\t\t\t\t\t<div class=\"elementor-icon-box-icon\">\n\t\t\t\t<a href=\"https:\/\/powiatzlotowski.edu.com.pl\/kandydat\" class=\"elementor-icon elementor-animation-grow\" tabindex=\"-1\" aria-label=\"Etap I. od 11.05.2026r. do 29.05.2026r. do godz. 15.00\">\n\t\t\t\t<i aria-hidden=\"true\" class=\"fas fa-user-plus\"><\/i>\t\t\t\t<\/a>\n\t\t\t<\/div>\n\t\t\t\n\t\t\t\t\t\t<div class=\"elementor-icon-box-content\">\n\n\t\t\t\t\t\t\t\t\t<h2 class=\"elementor-icon-box-title\">\n\t\t\t\t\t\t<a href=\"https:\/\/powiatzlotowski.edu.com.pl\/kandydat\" >\n\t\t\t\t\t\t\tEtap I. od 11.05.2026r. do 29.05.2026r. do godz. 15.00\t\t\t\t\t\t<\/a>\n\t\t\t\t\t<\/h2>\n\t\t\t\t\n\t\t\t\t\t\t\t\t\t<p class=\"elementor-icon-box-description\">\n\t\t\t\t\t\tZ\u0142o\u017cenie elektronicznego wniosku o przyj\u0119cie do szko\u0142y przez stron\u0119  <a href=\"https:\/\/nabor.pcss.pl\/powiatzlotowski\/szkolaponadpodstawowa\/Info\/64310\">II Liceum Og\u00f3lnokszta\u0142c\u0105ce<\/a> lub <a href=\"https:\/\/nabor.pcss.pl\/powiatzlotowski\/szkolaponadpodstawowa\/Info\/101309\">Technikum nr 2<\/a>.<br>\nDostarczenie do sekretariatu szko\u0142y podpisanego przez rodzic\u00f3w wydruku wygenerowanego automatycznie po wprowadzeniu danych do formularza na stronie  <a href=\"https:\/\/nabor.pcss.pl\/powiatzlotowski\/szkolaponadpodstawowa\/Info\/64310\">II Liceum Og\u00f3lnokszta\u0142c\u0105ce<\/a> lub <a href=\"https:\/\/nabor.pcss.pl\/powiatzlotowski\/szkolaponadpodstawowa\/Info\/101309\">Technikum nr 2<\/a>.\n\n\t\t\t\t\t<\/p>\n\t\t\t\t\n\t\t\t<\/div>\n\t\t\t\n\t\t<\/div>\n\t\t\t\t\t\t<\/div>\n\t\t\t\t<\/div>\n\t\t\t\t\t<\/div>\n\t\t<\/div>\n\t\t\t\t\t<\/div>\n\t\t<\/section>\n\t\t\t\t<section class=\"elementor-section elementor-top-section elementor-element elementor-element-a1af068 elementor-section-boxed elementor-section-height-default elementor-section-height-default\" data-id=\"a1af068\" data-element_type=\"section\" data-e-type=\"section\">\n\t\t\t\t\t\t<div class=\"elementor-container elementor-column-gap-default\">\n\t\t\t\t\t<div class=\"elementor-column elementor-col-100 elementor-top-column elementor-element elementor-element-8091936\" data-id=\"8091936\" data-element_type=\"column\" data-e-type=\"column\">\n\t\t\t<div class=\"elementor-widget-wrap elementor-element-populated\">\n\t\t\t\t\t\t<div class=\"elementor-element elementor-element-1cdfd47 elementor-view-framed elementor-shape-square elementor-position-block-start elementor-mobile-position-block-start elementor-invisible elementor-widget elementor-widget-icon-box\" data-id=\"1cdfd47\" data-element_type=\"widget\" data-e-type=\"widget\" data-settings=\"{&quot;_animation&quot;:&quot;fadeInRight&quot;}\" data-widget_type=\"icon-box.default\">\n\t\t\t\t<div class=\"elementor-widget-container\">\n\t\t\t\t\t\t\t<div class=\"elementor-icon-box-wrapper\">\n\n\t\t\t\t\t\t<div class=\"elementor-icon-box-icon\">\n\t\t\t\t<a href=\"https:\/\/powiatzlotowski.edu.com.pl\/kandydat\" class=\"elementor-icon elementor-animation-grow\" tabindex=\"-1\" aria-label=\"Etap II. od 03.07.2026r. \u2013 do 07.07.2026r. do godz. 15.00\">\n\t\t\t\t<i aria-hidden=\"true\" class=\"far fa-edit\"><\/i>\t\t\t\t<\/a>\n\t\t\t<\/div>\n\t\t\t\n\t\t\t\t\t\t<div class=\"elementor-icon-box-content\">\n\n\t\t\t\t\t\t\t\t\t<h2 class=\"elementor-icon-box-title\">\n\t\t\t\t\t\t<a href=\"https:\/\/powiatzlotowski.edu.com.pl\/kandydat\" >\n\t\t\t\t\t\t\tEtap II. od 03.07.2026r. \u2013 do 07.07.2026r. do godz. 15.00\t\t\t\t\t\t<\/a>\n\t\t\t\t\t<\/h2>\n\t\t\t\t\n\t\t\t\t\t\t\t\t\t<p class=\"elementor-icon-box-description\">\n\t\t\t\t\t\tWpisanie do formularza na stronie  <a href=\"https:\/\/nabor.pcss.pl\/powiatzlotowski\/szkolaponadpodstawowa\/Info\/64310\">II Liceum Og\u00f3lnokszta\u0142c\u0105ce<\/a> lub <a href=\"https:\/\/nabor.pcss.pl\/powiatzlotowski\/szkolaponadpodstawowa\/Info\/101309\">Technikum nr 2<\/a> \nocen ko\u0144cowych ze \u015bwiadectwa i wyniku egzaminu \u00f3smoklasisty oraz informacji o innych osi\u0105gni\u0119ciach.\n<br>Dostarczenie do szko\u0142y kopii \u015bwiadectwa uko\u0144czenia szko\u0142y oraz kopii za\u015bwiadczenia o wynikach egzaminu \u00f3smoklasisty.\n\n\t\t\t\t\t<\/p>\n\t\t\t\t\n\t\t\t<\/div>\n\t\t\t\n\t\t<\/div>\n\t\t\t\t\t\t<\/div>\n\t\t\t\t<\/div>\n\t\t\t\t\t<\/div>\n\t\t<\/div>\n\t\t\t\t\t<\/div>\n\t\t<\/section>\n\t\t\t\t<section class=\"elementor-section elementor-top-section elementor-element elementor-element-e31ee57 elementor-section-boxed elementor-section-height-default elementor-section-height-default\" data-id=\"e31ee57\" data-element_type=\"section\" data-e-type=\"section\">\n\t\t\t\t\t\t<div class=\"elementor-container elementor-column-gap-default\">\n\t\t\t\t\t<div class=\"elementor-column elementor-col-100 elementor-top-column elementor-element elementor-element-b045fb8\" data-id=\"b045fb8\" data-element_type=\"column\" data-e-type=\"column\">\n\t\t\t<div class=\"elementor-widget-wrap elementor-element-populated\">\n\t\t\t\t\t\t<div class=\"elementor-element elementor-element-f54a7b4 elementor-view-framed elementor-shape-square elementor-position-block-start elementor-mobile-position-block-start elementor-invisible elementor-widget elementor-widget-icon-box\" data-id=\"f54a7b4\" data-element_type=\"widget\" data-e-type=\"widget\" data-settings=\"{&quot;_animation&quot;:&quot;fadeInLeft&quot;}\" data-widget_type=\"icon-box.default\">\n\t\t\t\t<div class=\"elementor-widget-container\">\n\t\t\t\t\t\t\t<div class=\"elementor-icon-box-wrapper\">\n\n\t\t\t\t\t\t<div class=\"elementor-icon-box-icon\">\n\t\t\t\t<a href=\"https:\/\/powiatzlotowski.edu.com.pl\/kandydat\" class=\"elementor-icon elementor-animation-grow\" tabindex=\"-1\" aria-label=\"Etap III. 13.07.2026r. o godz. 12.00\">\n\t\t\t\t<i aria-hidden=\"true\" class=\"far fa-list-alt\"><\/i>\t\t\t\t<\/a>\n\t\t\t<\/div>\n\t\t\t\n\t\t\t\t\t\t<div class=\"elementor-icon-box-content\">\n\n\t\t\t\t\t\t\t\t\t<h2 class=\"elementor-icon-box-title\">\n\t\t\t\t\t\t<a href=\"https:\/\/powiatzlotowski.edu.com.pl\/kandydat\" >\n\t\t\t\t\t\t\tEtap III. 13.07.2026r. o godz. 12.00\t\t\t\t\t\t<\/a>\n\t\t\t\t\t<\/h2>\n\t\t\t\t\n\t\t\t\t\t\t\t\t\t<p class=\"elementor-icon-box-description\">\n\t\t\t\t\t\tZalogowanie si\u0119 na stronie <a href=\"https:\/\/nabor.pcss.pl\/powiatzlotowski\/szkolaponadpodstawowa\/Info\/64310\">II Liceum Og\u00f3lnokszta\u0142c\u0105ce<\/a> lub <a href=\"https:\/\/nabor.pcss.pl\/powiatzlotowski\/szkolaponadpodstawowa\/Info\/101309\">Technikum nr 2<\/a> \ni sprawdzenie czy jeste\u015b na li\u015bcie zakwalifikowanych. <br>Listy zakwalifikowanych \ni niezakwalifikowanych zostan\u0105 opublikowane r\u00f3wnie\u017c w szkole na tablicy og\u0142osze\u0144.\n\t\t\t\t\t<\/p>\n\t\t\t\t\n\t\t\t<\/div>\n\t\t\t\n\t\t<\/div>\n\t\t\t\t\t\t<\/div>\n\t\t\t\t<\/div>\n\t\t\t\t\t<\/div>\n\t\t<\/div>\n\t\t\t\t\t<\/div>\n\t\t<\/section>\n\t\t\t\t<section class=\"elementor-section elementor-top-section elementor-element elementor-element-2431fd3 elementor-section-boxed elementor-section-height-default elementor-section-height-default elementor-invisible\" data-id=\"2431fd3\" data-element_type=\"section\" data-e-type=\"section\" data-settings=\"{&quot;animation&quot;:&quot;fadeInRight&quot;}\">\n\t\t\t\t\t\t<div class=\"elementor-container elementor-column-gap-default\">\n\t\t\t\t\t<div class=\"elementor-column elementor-col-100 elementor-top-column elementor-element elementor-element-4755f66\" data-id=\"4755f66\" data-element_type=\"column\" data-e-type=\"column\">\n\t\t\t<div class=\"elementor-widget-wrap elementor-element-populated\">\n\t\t\t\t\t\t<div class=\"elementor-element elementor-element-e183770 elementor-view-framed elementor-shape-square elementor-position-block-start elementor-mobile-position-block-start elementor-invisible elementor-widget elementor-widget-icon-box\" data-id=\"e183770\" data-element_type=\"widget\" data-e-type=\"widget\" data-settings=\"{&quot;_animation&quot;:&quot;fadeInRight&quot;}\" data-widget_type=\"icon-box.default\">\n\t\t\t\t<div class=\"elementor-widget-container\">\n\t\t\t\t\t\t\t<div class=\"elementor-icon-box-wrapper\">\n\n\t\t\t\t\t\t<div class=\"elementor-icon-box-icon\">\n\t\t\t\t<a href=\"https:\/\/powiatzlotowski.edu.com.pl\/kandydat\" class=\"elementor-icon elementor-animation-grow\" tabindex=\"-1\" aria-label=\"Etap IV. od 16.07.2026r. do godz. 13.00 \">\n\t\t\t\t<i aria-hidden=\"true\" class=\"far fa-calendar-plus\"><\/i>\t\t\t\t<\/a>\n\t\t\t<\/div>\n\t\t\t\n\t\t\t\t\t\t<div class=\"elementor-icon-box-content\">\n\n\t\t\t\t\t\t\t\t\t<h2 class=\"elementor-icon-box-title\">\n\t\t\t\t\t\t<a href=\"https:\/\/powiatzlotowski.edu.com.pl\/kandydat\" >\n\t\t\t\t\t\t\tEtap IV. od 16.07.2026r. do godz. 13.00 \t\t\t\t\t\t<\/a>\n\t\t\t\t\t<\/h2>\n\t\t\t\t\n\t\t\t\t\t\t\t\t\t<p class=\"elementor-icon-box-description\">\n\t\t\t\t\t\tPobranie ze szko\u0142y skierowania na badanie lekarski o braku przeciwskaza\u0144 zdrowotnych do nauki w zawodzie (kandydaci do Technikum).\t\t\t\t\t<\/p>\n\t\t\t\t\n\t\t\t<\/div>\n\t\t\t\n\t\t<\/div>\n\t\t\t\t\t\t<\/div>\n\t\t\t\t<\/div>\n\t\t\t\t\t<\/div>\n\t\t<\/div>\n\t\t\t\t\t<\/div>\n\t\t<\/section>\n\t\t\t\t<section class=\"elementor-section elementor-top-section elementor-element elementor-element-ed61faf elementor-section-boxed elementor-section-height-default elementor-section-height-default elementor-invisible\" data-id=\"ed61faf\" data-element_type=\"section\" data-e-type=\"section\" data-settings=\"{&quot;animation&quot;:&quot;fadeInRight&quot;}\">\n\t\t\t\t\t\t<div class=\"elementor-container elementor-column-gap-default\">\n\t\t\t\t\t<div class=\"elementor-column elementor-col-100 elementor-top-column elementor-element elementor-element-607e746\" data-id=\"607e746\" data-element_type=\"column\" data-e-type=\"column\">\n\t\t\t<div class=\"elementor-widget-wrap elementor-element-populated\">\n\t\t\t\t\t\t<div class=\"elementor-element elementor-element-902b123 elementor-view-framed elementor-shape-square elementor-position-block-start elementor-mobile-position-block-start elementor-invisible elementor-widget elementor-widget-icon-box\" data-id=\"902b123\" data-element_type=\"widget\" data-e-type=\"widget\" data-settings=\"{&quot;_animation&quot;:&quot;fadeInLeft&quot;}\" data-widget_type=\"icon-box.default\">\n\t\t\t\t<div class=\"elementor-widget-container\">\n\t\t\t\t\t\t\t<div class=\"elementor-icon-box-wrapper\">\n\n\t\t\t\t\t\t<div class=\"elementor-icon-box-icon\">\n\t\t\t\t<a href=\"https:\/\/powiatzlotowski.edu.com.pl\/kandydat\" class=\"elementor-icon elementor-animation-grow\" tabindex=\"-1\" aria-label=\"Etap V. 13.07.2026r. od godz. 12.00 do 16.07.2026r. do godz. 13.00\">\n\t\t\t\t<i aria-hidden=\"true\" class=\"fas fa-check\"><\/i>\t\t\t\t<\/a>\n\t\t\t<\/div>\n\t\t\t\n\t\t\t\t\t\t<div class=\"elementor-icon-box-content\">\n\n\t\t\t\t\t\t\t\t\t<h2 class=\"elementor-icon-box-title\">\n\t\t\t\t\t\t<a href=\"https:\/\/powiatzlotowski.edu.com.pl\/kandydat\" >\n\t\t\t\t\t\t\tEtap V. 13.07.2026r. od godz. 12.00 do 16.07.2026r. do godz. 13.00\t\t\t\t\t\t<\/a>\n\t\t\t\t\t<\/h2>\n\t\t\t\t\n\t\t\t\t\t\t\t\t\t<p class=\"elementor-icon-box-description\">\n\t\t\t\t\t\tDostarczenie do szko\u0142y orygina\u0142u \u015bwiadectwa uko\u0144czenia szko\u0142y podstawowej, za\u015bwiadczenia o wynikach egzaminu \u00f3smoklasisty, za\u015bwiadczenia lekarskiego \no braku przeciwskaza\u0144 zdrowotnych do nauki w zawodzie (kandydaci do Technikum)\n2 fotografii oraz kwestionariusza osobowego pobranego ze strony internetowej szko\u0142y <a href=\"https:\/\/zsezlotow.edu.pl\">zsezlotow.edu.pl<\/a>.\n\n\t\t\t\t\t<\/p>\n\t\t\t\t\n\t\t\t<\/div>\n\t\t\t\n\t\t<\/div>\n\t\t\t\t\t\t<\/div>\n\t\t\t\t<\/div>\n\t\t\t\t\t<\/div>\n\t\t<\/div>\n\t\t\t\t\t<\/div>\n\t\t<\/section>\n\t\t\t\t<section class=\"elementor-section elementor-top-section elementor-element elementor-element-25e6add elementor-section-boxed elementor-section-height-default elementor-section-height-default elementor-invisible\" data-id=\"25e6add\" data-element_type=\"section\" data-e-type=\"section\" data-settings=\"{&quot;animation&quot;:&quot;fadeInRight&quot;}\">\n\t\t\t\t\t\t<div class=\"elementor-container elementor-column-gap-default\">\n\t\t\t\t\t<div class=\"elementor-column elementor-col-100 elementor-top-column elementor-element elementor-element-f37efc2\" data-id=\"f37efc2\" data-element_type=\"column\" data-e-type=\"column\">\n\t\t\t<div class=\"elementor-widget-wrap elementor-element-populated\">\n\t\t\t\t\t\t<div class=\"elementor-element elementor-element-806ecaa elementor-view-framed elementor-shape-square elementor-position-block-start elementor-mobile-position-block-start elementor-invisible elementor-widget elementor-widget-icon-box\" data-id=\"806ecaa\" data-element_type=\"widget\" data-e-type=\"widget\" data-settings=\"{&quot;_animation&quot;:&quot;fadeInRight&quot;}\" data-widget_type=\"icon-box.default\">\n\t\t\t\t<div class=\"elementor-widget-container\">\n\t\t\t\t\t\t\t<div class=\"elementor-icon-box-wrapper\">\n\n\t\t\t\t\t\t<div class=\"elementor-icon-box-icon\">\n\t\t\t\t<a href=\"https:\/\/powiatzlotowski.edu.com.pl\/kandydat\" class=\"elementor-icon elementor-animation-grow\" tabindex=\"-1\" aria-label=\"Etap VI. 16.07.2026r. o godz. 14.00 \">\n\t\t\t\t<i aria-hidden=\"true\" class=\"fas fa-user-check\"><\/i>\t\t\t\t<\/a>\n\t\t\t<\/div>\n\t\t\t\n\t\t\t\t\t\t<div class=\"elementor-icon-box-content\">\n\n\t\t\t\t\t\t\t\t\t<h2 class=\"elementor-icon-box-title\">\n\t\t\t\t\t\t<a href=\"https:\/\/powiatzlotowski.edu.com.pl\/kandydat\" >\n\t\t\t\t\t\t\tEtap VI. 16.07.2026r. o godz. 14.00 \t\t\t\t\t\t<\/a>\n\t\t\t\t\t<\/h2>\n\t\t\t\t\n\t\t\t\t\t\t\t\t\t<p class=\"elementor-icon-box-description\">\n\t\t\t\t\t\tZalogowanie si\u0119 na stronie <a href=\"https:\/\/nabor.pcss.pl\/powiatzlotowski\/szkolaponadpodstawowa\/Info\/64310\">II Liceum Og\u00f3lnokszta\u0142c\u0105ce<\/a> lub <a href=\"https:\/\/nabor.pcss.pl\/powiatzlotowski\/szkolaponadpodstawowa\/Info\/101309\">Technikum nr 2<\/a> i sprawdzenie do kt\u00f3rej klasy zosta\u0142e\u015b przyj\u0119ty. \n<br>Listy przyj\u0119tych i nieprzyj\u0119tych zostan\u0105 opublikowane r\u00f3wnie\u017c w szkole na tablicy og\u0142osze\u0144.\n\t\t\t\t\t<\/p>\n\t\t\t\t\n\t\t\t<\/div>\n\t\t\t\n\t\t<\/div>\n\t\t\t\t\t\t<\/div>\n\t\t\t\t<\/div>\n\t\t\t\t\t<\/div>\n\t\t<\/div>\n\t\t\t\t\t<\/div>\n\t\t<\/section>\n\t\t\t\t<\/div>\n\t\t","protected":false},"excerpt":{"rendered":"<p>Formularz rekrutacyjny: II Liceum Og\u00f3lnokszta\u0142c\u0105ce lub Technikum nr 2 &nbsp; Etap I. od 11.05.2026r. do 29.05.2026r. do godz. 15.00 Z\u0142o\u017cenie elektronicznego wniosku o przyj\u0119cie do szko\u0142y przez stron\u0119 II Liceum Og\u00f3lnokszta\u0142c\u0105ce lub Technikum nr 2. Dostarczenie do sekretariatu szko\u0142y podpisanego przez rodzic\u00f3w wydruku wygenerowanego automatycznie po wprowadzeniu danych do formularza na stronie II Liceum Og\u00f3lnokszta\u0142c\u0105ce&hellip;&nbsp;<a href=\"https:\/\/zsezlotow.edu.pl\/index.php\/czynnosci-rekrutacyjne-dla-kandydatow\/\" rel=\"bookmark\">Dowiedz si\u0119 wi\u0119cej &raquo;<span class=\"screen-reader-text\">Etapy rekrutacji kandydat\u00f3w<\/span><\/a><\/p>\n","protected":false},"author":1,"featured_media":0,"parent":0,"menu_order":0,"comment_status":"closed","ping_status":"closed","template":"","meta":{"neve_meta_sidebar":"","neve_meta_container":"","neve_meta_enable_content_width":"","neve_meta_content_width":0,"neve_meta_title_alignment":"","neve_meta_author_avatar":"","neve_post_elements_order":"","neve_meta_disable_header":"","neve_meta_disable_footer":"","neve_meta_disable_title":"","ngg_post_thumbnail":0,"footnotes":""},"class_list":["post-1722","page","type-page","status-publish","hentry"],"_links":{"self":[{"href":"https:\/\/zsezlotow.edu.pl\/index.php\/wp-json\/wp\/v2\/pages\/1722","targetHints":{"allow":["GET"]}}],"collection":[{"href":"https:\/\/zsezlotow.edu.pl\/index.php\/wp-json\/wp\/v2\/pages"}],"about":[{"href":"https:\/\/zsezlotow.edu.pl\/index.php\/wp-json\/wp\/v2\/types\/page"}],"author":[{"embeddable":true,"href":"https:\/\/zsezlotow.edu.pl\/index.php\/wp-json\/wp\/v2\/users\/1"}],"replies":[{"embeddable":true,"href":"https:\/\/zsezlotow.edu.pl\/index.php\/wp-json\/wp\/v2\/comments?post=1722"}],"version-history":[{"count":72,"href":"https:\/\/zsezlotow.edu.pl\/index.php\/wp-json\/wp\/v2\/pages\/1722\/revisions"}],"predecessor-version":[{"id":7282,"href":"https:\/\/zsezlotow.edu.pl\/index.php\/wp-json\/wp\/v2\/pages\/1722\/revisions\/7282"}],"wp:attachment":[{"href":"https:\/\/zsezlotow.edu.pl\/index.php\/wp-json\/wp\/v2\/media?parent=1722"}],"curies":[{"name":"wp","href":"https:\/\/api.w.org\/{rel}","templated":true}]}}