{"id":1628,"date":"2020-03-11T14:18:05","date_gmt":"2020-03-11T13:18:05","guid":{"rendered":"https:\/\/zsezlotow.edu.pl\/?page_id=1628"},"modified":"2020-03-11T14:27:16","modified_gmt":"2020-03-11T13:27:16","slug":"ogloszenie-dla-uczniow","status":"publish","type":"page","link":"https:\/\/zsezlotow.edu.pl\/index.php\/ogloszenie-dla-uczniow\/","title":{"rendered":"OG\u0141OSZENIE DLA UCZNI\u00d3W!"},"content":{"rendered":"\n<p style=\"font-size:18px\">Od 12.03.2020r. do 25.03.2020r. (w\u0142\u0105cznie) zaj\u0119cia dydaktyczno-wychowawcze i opieku\u0144cze zostaj\u0105 odwo\u0142ane . R\u00f3wnie\u017c rekolekcje wielkopostne w dniach od 16.03 \u2013 18.03.2020r. zostaj\u0105 odwo\u0142ane.<br><strong>Nale\u017cy pami\u0119ta\u0107 o swoim bezpiecze\u0144stwie w domu unikaj miejsc, gdzie s\u0105 du\u017ce skupiska ludzi (centra handlowe, komunikacja publiczna, kino, restauracje).<\/strong><\/p>\n\n\n\n<p style=\"font-size:18px\">Przerwa w funkcjonowaniu szko\u0142y nie powinna oznacza\u0107 dni wolnych od nauki, odpowiedzialnie wykorzystaj czas zawieszenia zaj\u0119\u0107 (nadr\u00f3b zaleg\u0142o\u015bci, uzupe\u0142nij swoje wiadomo\u015bci, przygotowuj si\u0119 do sprawdzian\u00f3w i matury).<\/p>\n\n\n\n<p style=\"font-size:18px\"><strong>Skorzystaj z domowej platformy e-podr\u0119cznik\u00f3w i materia\u0142\u00f3w przekazanych nauczyciela.<\/strong><\/p>\n\n\n\n<p style=\"font-size:18px\"><strong>Przestrzegaj w domu zasad higieny i czysto\u015bci pomieszcze\u0144, <br> w kt\u00f3rych przebywasz. <\/strong><\/p>\n\n\n\n<p style=\"font-size:18px\">Wszelkie informacje b\u0119d\u0105 przekazywane przez dziennik elektroniczny i umieszczone na stronie szko\u0142y.<\/p>\n","protected":false},"excerpt":{"rendered":"<p>Od 12.03.2020r. do 25.03.2020r. (w\u0142\u0105cznie) zaj\u0119cia dydaktyczno-wychowawcze i opieku\u0144cze zostaj\u0105 odwo\u0142ane . R\u00f3wnie\u017c rekolekcje wielkopostne w dniach od 16.03 \u2013 18.03.2020r. zostaj\u0105 odwo\u0142ane.Nale\u017cy pami\u0119ta\u0107 o swoim bezpiecze\u0144stwie w domu unikaj miejsc, gdzie s\u0105 du\u017ce skupiska ludzi (centra handlowe, komunikacja publiczna, kino, restauracje). Przerwa w funkcjonowaniu szko\u0142y nie powinna oznacza\u0107 dni wolnych od nauki, odpowiedzialnie wykorzystaj&hellip;&nbsp;<a href=\"https:\/\/zsezlotow.edu.pl\/index.php\/ogloszenie-dla-uczniow\/\" rel=\"bookmark\">Dowiedz si\u0119 wi\u0119cej &raquo;<span class=\"screen-reader-text\">OG\u0141OSZENIE DLA UCZNI\u00d3W!<\/span><\/a><\/p>\n","protected":false},"author":1,"featured_media":0,"parent":0,"menu_order":0,"comment_status":"closed","ping_status":"closed","template":"","meta":{"neve_meta_sidebar":"","neve_meta_container":"","neve_meta_enable_content_width":"","neve_meta_content_width":0,"neve_meta_title_alignment":"","neve_meta_author_avatar":"","neve_post_elements_order":"","neve_meta_disable_header":"","neve_meta_disable_footer":"","neve_meta_disable_title":"","ngg_post_thumbnail":0,"footnotes":""},"class_list":["post-1628","page","type-page","status-publish","hentry"],"_links":{"self":[{"href":"https:\/\/zsezlotow.edu.pl\/index.php\/wp-json\/wp\/v2\/pages\/1628","targetHints":{"allow":["GET"]}}],"collection":[{"href":"https:\/\/zsezlotow.edu.pl\/index.php\/wp-json\/wp\/v2\/pages"}],"about":[{"href":"https:\/\/zsezlotow.edu.pl\/index.php\/wp-json\/wp\/v2\/types\/page"}],"author":[{"embeddable":true,"href":"https:\/\/zsezlotow.edu.pl\/index.php\/wp-json\/wp\/v2\/users\/1"}],"replies":[{"embeddable":true,"href":"https:\/\/zsezlotow.edu.pl\/index.php\/wp-json\/wp\/v2\/comments?post=1628"}],"version-history":[{"count":3,"href":"https:\/\/zsezlotow.edu.pl\/index.php\/wp-json\/wp\/v2\/pages\/1628\/revisions"}],"predecessor-version":[{"id":1637,"href":"https:\/\/zsezlotow.edu.pl\/index.php\/wp-json\/wp\/v2\/pages\/1628\/revisions\/1637"}],"wp:attachment":[{"href":"https:\/\/zsezlotow.edu.pl\/index.php\/wp-json\/wp\/v2\/media?parent=1628"}],"curies":[{"name":"wp","href":"https:\/\/api.w.org\/{rel}","templated":true}]}}