{"id":1011,"date":"2019-09-22T18:01:31","date_gmt":"2019-09-22T16:01:31","guid":{"rendered":"https:\/\/zsezlotow.edu.pl\/?page_id=1011"},"modified":"2019-09-22T18:05:15","modified_gmt":"2019-09-22T16:05:15","slug":"noc-zawodowcow","status":"publish","type":"page","link":"https:\/\/zsezlotow.edu.pl\/index.php\/noc-zawodowcow\/","title":{"rendered":"Noc Zawodowc\u00f3w"},"content":{"rendered":"\n<p>Poni\u017cej link do wydarzenia gdzie znajduje si\u0119 Regulamin Nocy oraz Regulaminy organizowanych podczas imprezy konkurs\u00f3w:<\/p>\n\n\n\n<figure class=\"wp-block-embed-wordpress wp-block-embed is-type-wp-embed is-provider-cwrkdiz-pila\"><div class=\"wp-block-embed__wrapper\">\nhttps:\/\/cwrkdiz.pila.pl\/noc-zawodowcow-2019-edycja-2-0\/\n<\/div><\/figure>\n\n\n\n<figure class=\"wp-block-image is-resized\"><img fetchpriority=\"high\" decoding=\"async\" src=\"https:\/\/zsezlotow.edu.pl\/wp-content\/uploads\/2019\/09\/plakat_NZ2019_Zlotow_PZ_1_wersjaS-1-727x1024.jpg\" alt=\"\" class=\"wp-image-1012\" width=\"727\" height=\"1024\" srcset=\"https:\/\/zsezlotow.edu.pl\/wp-content\/uploads\/2019\/09\/plakat_NZ2019_Zlotow_PZ_1_wersjaS-1-727x1024.jpg 727w, https:\/\/zsezlotow.edu.pl\/wp-content\/uploads\/2019\/09\/plakat_NZ2019_Zlotow_PZ_1_wersjaS-1-213x300.jpg 213w, https:\/\/zsezlotow.edu.pl\/wp-content\/uploads\/2019\/09\/plakat_NZ2019_Zlotow_PZ_1_wersjaS-1-768x1082.jpg 768w, https:\/\/zsezlotow.edu.pl\/wp-content\/uploads\/2019\/09\/plakat_NZ2019_Zlotow_PZ_1_wersjaS-1.jpg 1685w\" sizes=\"(max-width: 727px) 100vw, 727px\" \/><\/figure>\n","protected":false},"excerpt":{"rendered":"<p>Poni\u017cej link do wydarzenia gdzie znajduje si\u0119 Regulamin Nocy oraz Regulaminy organizowanych podczas imprezy konkurs\u00f3w:<\/p>\n","protected":false},"author":1,"featured_media":0,"parent":0,"menu_order":0,"comment_status":"closed","ping_status":"closed","template":"","meta":{"neve_meta_sidebar":"","neve_meta_container":"","neve_meta_enable_content_width":"","neve_meta_content_width":0,"neve_meta_title_alignment":"","neve_meta_author_avatar":"","neve_post_elements_order":"","neve_meta_disable_header":"","neve_meta_disable_footer":"","neve_meta_disable_title":"","ngg_post_thumbnail":0,"footnotes":""},"class_list":["post-1011","page","type-page","status-publish","hentry"],"_links":{"self":[{"href":"https:\/\/zsezlotow.edu.pl\/index.php\/wp-json\/wp\/v2\/pages\/1011","targetHints":{"allow":["GET"]}}],"collection":[{"href":"https:\/\/zsezlotow.edu.pl\/index.php\/wp-json\/wp\/v2\/pages"}],"about":[{"href":"https:\/\/zsezlotow.edu.pl\/index.php\/wp-json\/wp\/v2\/types\/page"}],"author":[{"embeddable":true,"href":"https:\/\/zsezlotow.edu.pl\/index.php\/wp-json\/wp\/v2\/users\/1"}],"replies":[{"embeddable":true,"href":"https:\/\/zsezlotow.edu.pl\/index.php\/wp-json\/wp\/v2\/comments?post=1011"}],"version-history":[{"count":2,"href":"https:\/\/zsezlotow.edu.pl\/index.php\/wp-json\/wp\/v2\/pages\/1011\/revisions"}],"predecessor-version":[{"id":1016,"href":"https:\/\/zsezlotow.edu.pl\/index.php\/wp-json\/wp\/v2\/pages\/1011\/revisions\/1016"}],"wp:attachment":[{"href":"https:\/\/zsezlotow.edu.pl\/index.php\/wp-json\/wp\/v2\/media?parent=1011"}],"curies":[{"name":"wp","href":"https:\/\/api.w.org\/{rel}","templated":true}]}}